{"id":30290,"date":"2026-03-25T12:38:03","date_gmt":"2026-03-25T12:38:03","guid":{"rendered":"https:\/\/velveas2026.devonlinehub.com\/?post_type=product&#038;p=30290"},"modified":"2026-03-27T09:39:15","modified_gmt":"2026-03-27T09:39:15","slug":"fond-de-teint-velveas-teint-signature-25ml","status":"publish","type":"product","link":"https:\/\/velveas2026.devonlinehub.com\/en\/product\/fond-de-teint-velveas-teint-signature-25ml\/","title":{"rendered":"Studio Fix Signature Foundation-25ml"},"content":{"rendered":"<p class=\"font-claude-response-body break-words whitespace-normal leading-[1.7]\">Le fond de teint Velv\u00e9as Teint Signature est le soin maquillage incontournable pour un teint unifi\u00e9 et lumineux. En effet, il offre un r\u00e9sultat naturel qui dure toute la journ\u00e9e.<\/p>\n<p class=\"font-claude-response-body break-words whitespace-normal leading-[1.7]\">Ce fond de teint Velv\u00e9as est fluide et l\u00e9ger. Il s&rsquo;adapte ainsi \u00e0 toutes les carnations gr\u00e2ce \u00e0 ses 12 teintes soigneusement d\u00e9velopp\u00e9es. Celles-ci vont du V3 Porcelaine au V14 Cacao. De plus, sa formule fondante se d\u00e9pose en voile fin sur la peau. Vous pouvez donc moduler la couvrance selon vos envies. Optez pour un fini nude et transparent ou un couvrant parfait.<\/p>\n<p class=\"font-claude-response-body break-words whitespace-normal leading-[1.7]\">Par ailleurs, ce fond de teint Velv\u00e9as est enrichi en actifs hydratants. Il nourrit ainsi la peau tout au long de la journ\u00e9e. Il n&rsquo;y a ni effet masque ni dess\u00e8chement. Sa texture non com\u00e9dog\u00e8ne respecte \u00e9galement les peaux sensibles. En cons\u00e9quence, elle ne bouche pas les pores.<\/p>\n<p class=\"font-claude-response-body break-words whitespace-normal leading-[1.7]\">Son flacon en verre \u00e9l\u00e9gant de 25 ml est \u00e9quip\u00e9 d&rsquo;une pompe doseuse noire. Le bouchon laqu\u00e9 assure une application pr\u00e9cise et hygi\u00e9nique. De plus, le logo Velv\u00e9as Paris grav\u00e9 ajoute une touche de luxe \u00e0 votre trousse beaut\u00e9.<\/p>\n<p class=\"font-claude-response-body break-words whitespace-normal leading-[1.7]\">Pour un r\u00e9sultat optimal, pr\u00e9parez d&rsquo;abord votre peau avec une base adapt\u00e9e. Par exemple, utilisez la Base Voile d&rsquo;\u00c9clat pour un effet lumineux. En revanche, choisissez la Base Voile de Soie pour un grain de peau liss\u00e9. Ensuite, appliquez le fond de teint Velv\u00e9as Teint Signature. Enfin, estompez du centre du visage vers les contours avec un pinceau, une \u00e9ponge ou du bout des doigts.<\/p>\n<p class=\"font-claude-response-body break-words whitespace-normal leading-[1.7]\">Disponible en 12 teintes : V3 Porcelaine, V4 Ivoire, V5 Sable Clair, V6 Beige Dor\u00e9, V7 Miel Clair, V8 Miel, V9 Caramel Clair, V10 Caramel, V11 Noisette, V12 Cannelle, V13 Chocolat au Lait et V14 Cacao.<\/p>\n","protected":false},"excerpt":{"rendered":"<p>Le Teint Signature Velv\u00e9as, un fond de teint fluide \u00e0 couvrance modulable qui unifie le teint pour un fini naturel et lumineux toute la journ\u00e9e. Disponible en 12 teintes du V3 Porcelaine au V14 Cacao.<\/p>","protected":false},"featured_media":30691,"comment_status":"open","ping_status":"closed","template":"","meta":[],"product_brand":[],"product_cat":[78,76],"product_tag":[],"class_list":{"0":"post-30290","1":"product","2":"type-product","3":"status-publish","4":"has-post-thumbnail","6":"product_cat-collection-velveas","7":"product_cat-maquillage","9":"first","10":"instock","11":"taxable","12":"shipping-taxable","13":"purchasable","14":"product-type-variable"},"yoast_head":"<!-- This site is optimized with the Yoast SEO plugin v27.2 - https:\/\/yoast.com\/product\/yoast-seo-wordpress\/ -->\n<title>Fond de Teint Velv\u00e9as Teint Signature 25 ml | 12 teintes naturelles<\/title>\n<meta name=\"description\" content=\"Fond de teint Velv\u00e9as Teint Signature 25 ml : couvrance naturelle, fini lumineux longue tenue. 12 teintes de V3 \u00e0 V14.\" \/>\n<meta name=\"robots\" content=\"index, follow, max-snippet:-1, max-image-preview:large, max-video-preview:-1\" \/>\n<link rel=\"canonical\" href=\"https:\/\/velveas2026.devonlinehub.com\/en\/product\/fond-de-teint-velveas-teint-signature-25ml\/\" \/>\n<meta property=\"og:locale\" content=\"en_GB\" \/>\n<meta property=\"og:type\" content=\"article\" \/>\n<meta property=\"og:title\" content=\"Fond de Teint Velv\u00e9as Teint Signature 25 ml | 12 teintes naturelles\" \/>\n<meta property=\"og:description\" content=\"Fond de teint Velv\u00e9as Teint Signature 25 ml : couvrance naturelle, fini lumineux longue tenue. 12 teintes de V3 \u00e0 V14.\" \/>\n<meta property=\"og:url\" content=\"https:\/\/velveas2026.devonlinehub.com\/en\/product\/fond-de-teint-velveas-teint-signature-25ml\/\" \/>\n<meta property=\"og:site_name\" content=\"Velveas\" \/>\n<meta property=\"article:publisher\" content=\"https:\/\/www.facebook.com\/people\/Velvas-Paris\/61580039374395\/\" \/>\n<meta property=\"article:modified_time\" content=\"2026-03-27T09:39:15+00:00\" \/>\n<meta property=\"og:image\" content=\"https:\/\/velveas2026.devonlinehub.com\/wp-content\/uploads\/2026\/03\/fond-de-teint-teint-signature-velveas-v3-porcelaine.webp\" \/>\n\t<meta property=\"og:image:width\" content=\"700\" \/>\n\t<meta property=\"og:image:height\" content=\"800\" \/>\n\t<meta property=\"og:image:type\" content=\"image\/webp\" \/>\n<meta name=\"twitter:card\" content=\"summary_large_image\" \/>\n<meta name=\"twitter:label1\" content=\"Estimated reading time\" \/>\n\t<meta name=\"twitter:data1\" content=\"2 minutes\" \/>\n<script type=\"application\/ld+json\" class=\"yoast-schema-graph\">{\"@context\":\"https:\/\/schema.org\",\"@graph\":[{\"@type\":\"WebPage\",\"@id\":\"https:\/\/velveas2026.devonlinehub.com\/produit\/fond-de-teint-velveas-teint-signature-25ml\/\",\"url\":\"https:\/\/velveas2026.devonlinehub.com\/produit\/fond-de-teint-velveas-teint-signature-25ml\/\",\"name\":\"Fond de Teint Velv\u00e9as Teint Signature 25 ml | 12 teintes naturelles\",\"isPartOf\":{\"@id\":\"https:\/\/velveas2026.devonlinehub.com\/#website\"},\"primaryImageOfPage\":{\"@id\":\"https:\/\/velveas2026.devonlinehub.com\/produit\/fond-de-teint-velveas-teint-signature-25ml\/#primaryimage\"},\"image\":{\"@id\":\"https:\/\/velveas2026.devonlinehub.com\/produit\/fond-de-teint-velveas-teint-signature-25ml\/#primaryimage\"},\"thumbnailUrl\":\"https:\/\/velveas2026.devonlinehub.com\/wp-content\/uploads\/2026\/03\/fond-de-teint-teint-signature-velveas-v3-porcelaine.webp\",\"datePublished\":\"2026-03-25T12:38:03+00:00\",\"dateModified\":\"2026-03-27T09:39:15+00:00\",\"description\":\"Fond de teint Velv\u00e9as Teint Signature 25 ml : couvrance naturelle, fini lumineux longue tenue. 12 teintes de V3 \u00e0 V14.\",\"breadcrumb\":{\"@id\":\"https:\/\/velveas2026.devonlinehub.com\/produit\/fond-de-teint-velveas-teint-signature-25ml\/#breadcrumb\"},\"inLanguage\":\"en-GB\",\"potentialAction\":[{\"@type\":\"ReadAction\",\"target\":[\"https:\/\/velveas2026.devonlinehub.com\/produit\/fond-de-teint-velveas-teint-signature-25ml\/\"]}]},{\"@type\":\"ImageObject\",\"inLanguage\":\"en-GB\",\"@id\":\"https:\/\/velveas2026.devonlinehub.com\/produit\/fond-de-teint-velveas-teint-signature-25ml\/#primaryimage\",\"url\":\"https:\/\/velveas2026.devonlinehub.com\/wp-content\/uploads\/2026\/03\/fond-de-teint-teint-signature-velveas-v3-porcelaine.webp\",\"contentUrl\":\"https:\/\/velveas2026.devonlinehub.com\/wp-content\/uploads\/2026\/03\/fond-de-teint-teint-signature-velveas-v3-porcelaine.webp\",\"width\":700,\"height\":800,\"caption\":\"Teinte V3 Porcelaine - Fond de teint longue tenue au fini naturel\"},{\"@type\":\"BreadcrumbList\",\"@id\":\"https:\/\/velveas2026.devonlinehub.com\/produit\/fond-de-teint-velveas-teint-signature-25ml\/#breadcrumb\",\"itemListElement\":[{\"@type\":\"ListItem\",\"position\":1,\"name\":\"Accueil\",\"item\":\"https:\/\/velveas2026.devonlinehub.com\/\"},{\"@type\":\"ListItem\",\"position\":2,\"name\":\"Shop\",\"item\":\"https:\/\/velveas2026.devonlinehub.com\/shop\/\"},{\"@type\":\"ListItem\",\"position\":3,\"name\":\"Studio Fixe Fond de teint signature-25ml\"}]},{\"@type\":\"WebSite\",\"@id\":\"https:\/\/velveas2026.devonlinehub.com\/#website\",\"url\":\"https:\/\/velveas2026.devonlinehub.com\/\",\"name\":\"Velv\u00e9as\",\"description\":\"La signature d\u2019une beaut\u00e9 raffin\u00e9e. Des formules premium pour sublimer votre peau et votre regard.\",\"publisher\":{\"@id\":\"https:\/\/velveas2026.devonlinehub.com\/#organization\"},\"potentialAction\":[{\"@type\":\"SearchAction\",\"target\":{\"@type\":\"EntryPoint\",\"urlTemplate\":\"https:\/\/velveas2026.devonlinehub.com\/?s={search_term_string}\"},\"query-input\":{\"@type\":\"PropertyValueSpecification\",\"valueRequired\":true,\"valueName\":\"search_term_string\"}}],\"inLanguage\":\"en-GB\"},{\"@type\":\"Organization\",\"@id\":\"https:\/\/velveas2026.devonlinehub.com\/#organization\",\"name\":\"Velv\u00e9as\",\"url\":\"https:\/\/velveas2026.devonlinehub.com\/\",\"logo\":{\"@type\":\"ImageObject\",\"inLanguage\":\"en-GB\",\"@id\":\"https:\/\/velveas2026.devonlinehub.com\/#\/schema\/logo\/image\/\",\"url\":\"https:\/\/velveas2026.devonlinehub.com\/wp-content\/uploads\/2026\/03\/logo-officiel.svg\",\"contentUrl\":\"https:\/\/velveas2026.devonlinehub.com\/wp-content\/uploads\/2026\/03\/logo-officiel.svg\",\"width\":597,\"height\":222,\"caption\":\"Velv\u00e9as\"},\"image\":{\"@id\":\"https:\/\/velveas2026.devonlinehub.com\/#\/schema\/logo\/image\/\"},\"sameAs\":[\"https:\/\/www.facebook.com\/people\/Velvas-Paris\/61580039374395\/\",\"https:\/\/www.instagram.com\/velveas\/\",\"https:\/\/www.snapchat.com\/@velveasparis\"]}]}<\/script>\n<!-- \/ Yoast SEO plugin. -->","yoast_head_json":{"title":"Fond de Teint Velv\u00e9as Teint Signature 25 ml | 12 teintes naturelles","description":"Fond de teint Velv\u00e9as Teint Signature 25 ml : couvrance naturelle, fini lumineux longue tenue. 12 teintes de V3 \u00e0 V14.","robots":{"index":"index","follow":"follow","max-snippet":"max-snippet:-1","max-image-preview":"max-image-preview:large","max-video-preview":"max-video-preview:-1"},"canonical":"https:\/\/velveas2026.devonlinehub.com\/en\/product\/fond-de-teint-velveas-teint-signature-25ml\/","og_locale":"en_GB","og_type":"article","og_title":"Fond de Teint Velv\u00e9as Teint Signature 25 ml | 12 teintes naturelles","og_description":"Fond de teint Velv\u00e9as Teint Signature 25 ml : couvrance naturelle, fini lumineux longue tenue. 12 teintes de V3 \u00e0 V14.","og_url":"https:\/\/velveas2026.devonlinehub.com\/en\/product\/fond-de-teint-velveas-teint-signature-25ml\/","og_site_name":"Velveas","article_publisher":"https:\/\/www.facebook.com\/people\/Velvas-Paris\/61580039374395\/","article_modified_time":"2026-03-27T09:39:15+00:00","og_image":[{"width":700,"height":800,"url":"https:\/\/velveas2026.devonlinehub.com\/wp-content\/uploads\/2026\/03\/fond-de-teint-teint-signature-velveas-v3-porcelaine.webp","type":"image\/webp"}],"twitter_card":"summary_large_image","twitter_misc":{"Estimated reading time":"2 minutes"},"schema":{"@context":"https:\/\/schema.org","@graph":[{"@type":"WebPage","@id":"https:\/\/velveas2026.devonlinehub.com\/produit\/fond-de-teint-velveas-teint-signature-25ml\/","url":"https:\/\/velveas2026.devonlinehub.com\/produit\/fond-de-teint-velveas-teint-signature-25ml\/","name":"Fond de Teint Velv\u00e9as Teint Signature 25 ml | 12 teintes naturelles","isPartOf":{"@id":"https:\/\/velveas2026.devonlinehub.com\/#website"},"primaryImageOfPage":{"@id":"https:\/\/velveas2026.devonlinehub.com\/produit\/fond-de-teint-velveas-teint-signature-25ml\/#primaryimage"},"image":{"@id":"https:\/\/velveas2026.devonlinehub.com\/produit\/fond-de-teint-velveas-teint-signature-25ml\/#primaryimage"},"thumbnailUrl":"https:\/\/velveas2026.devonlinehub.com\/wp-content\/uploads\/2026\/03\/fond-de-teint-teint-signature-velveas-v3-porcelaine.webp","datePublished":"2026-03-25T12:38:03+00:00","dateModified":"2026-03-27T09:39:15+00:00","description":"Fond de teint Velv\u00e9as Teint Signature 25 ml : couvrance naturelle, fini lumineux longue tenue. 12 teintes de V3 \u00e0 V14.","breadcrumb":{"@id":"https:\/\/velveas2026.devonlinehub.com\/produit\/fond-de-teint-velveas-teint-signature-25ml\/#breadcrumb"},"inLanguage":"en-GB","potentialAction":[{"@type":"ReadAction","target":["https:\/\/velveas2026.devonlinehub.com\/produit\/fond-de-teint-velveas-teint-signature-25ml\/"]}]},{"@type":"ImageObject","inLanguage":"en-GB","@id":"https:\/\/velveas2026.devonlinehub.com\/produit\/fond-de-teint-velveas-teint-signature-25ml\/#primaryimage","url":"https:\/\/velveas2026.devonlinehub.com\/wp-content\/uploads\/2026\/03\/fond-de-teint-teint-signature-velveas-v3-porcelaine.webp","contentUrl":"https:\/\/velveas2026.devonlinehub.com\/wp-content\/uploads\/2026\/03\/fond-de-teint-teint-signature-velveas-v3-porcelaine.webp","width":700,"height":800,"caption":"Teinte V3 Porcelaine - Fond de teint longue tenue au fini naturel"},{"@type":"BreadcrumbList","@id":"https:\/\/velveas2026.devonlinehub.com\/produit\/fond-de-teint-velveas-teint-signature-25ml\/#breadcrumb","itemListElement":[{"@type":"ListItem","position":1,"name":"Accueil","item":"https:\/\/velveas2026.devonlinehub.com\/"},{"@type":"ListItem","position":2,"name":"Shop","item":"https:\/\/velveas2026.devonlinehub.com\/shop\/"},{"@type":"ListItem","position":3,"name":"Studio Fixe Fond de teint signature-25ml"}]},{"@type":"WebSite","@id":"https:\/\/velveas2026.devonlinehub.com\/#website","url":"https:\/\/velveas2026.devonlinehub.com\/","name":"Velv\u00e9as","description":"La signature d\u2019une beaut\u00e9 raffin\u00e9e. Des formules premium pour sublimer votre peau et votre regard.","publisher":{"@id":"https:\/\/velveas2026.devonlinehub.com\/#organization"},"potentialAction":[{"@type":"SearchAction","target":{"@type":"EntryPoint","urlTemplate":"https:\/\/velveas2026.devonlinehub.com\/?s={search_term_string}"},"query-input":{"@type":"PropertyValueSpecification","valueRequired":true,"valueName":"search_term_string"}}],"inLanguage":"en-GB"},{"@type":"Organization","@id":"https:\/\/velveas2026.devonlinehub.com\/#organization","name":"Velv\u00e9as","url":"https:\/\/velveas2026.devonlinehub.com\/","logo":{"@type":"ImageObject","inLanguage":"en-GB","@id":"https:\/\/velveas2026.devonlinehub.com\/#\/schema\/logo\/image\/","url":"https:\/\/velveas2026.devonlinehub.com\/wp-content\/uploads\/2026\/03\/logo-officiel.svg","contentUrl":"https:\/\/velveas2026.devonlinehub.com\/wp-content\/uploads\/2026\/03\/logo-officiel.svg","width":597,"height":222,"caption":"Velv\u00e9as"},"image":{"@id":"https:\/\/velveas2026.devonlinehub.com\/#\/schema\/logo\/image\/"},"sameAs":["https:\/\/www.facebook.com\/people\/Velvas-Paris\/61580039374395\/","https:\/\/www.instagram.com\/velveas\/","https:\/\/www.snapchat.com\/@velveasparis"]}]}},"_links":{"self":[{"href":"https:\/\/velveas2026.devonlinehub.com\/en\/wp-json\/wp\/v2\/product\/30290","targetHints":{"allow":["GET"]}}],"collection":[{"href":"https:\/\/velveas2026.devonlinehub.com\/en\/wp-json\/wp\/v2\/product"}],"about":[{"href":"https:\/\/velveas2026.devonlinehub.com\/en\/wp-json\/wp\/v2\/types\/product"}],"replies":[{"embeddable":true,"href":"https:\/\/velveas2026.devonlinehub.com\/en\/wp-json\/wp\/v2\/comments?post=30290"}],"version-history":[{"count":4,"href":"https:\/\/velveas2026.devonlinehub.com\/en\/wp-json\/wp\/v2\/product\/30290\/revisions"}],"predecessor-version":[{"id":30801,"href":"https:\/\/velveas2026.devonlinehub.com\/en\/wp-json\/wp\/v2\/product\/30290\/revisions\/30801"}],"wp:featuredmedia":[{"embeddable":true,"href":"https:\/\/velveas2026.devonlinehub.com\/en\/wp-json\/wp\/v2\/media\/30691"}],"wp:attachment":[{"href":"https:\/\/velveas2026.devonlinehub.com\/en\/wp-json\/wp\/v2\/media?parent=30290"}],"wp:term":[{"taxonomy":"product_brand","embeddable":true,"href":"https:\/\/velveas2026.devonlinehub.com\/en\/wp-json\/wp\/v2\/product_brand?post=30290"},{"taxonomy":"product_cat","embeddable":true,"href":"https:\/\/velveas2026.devonlinehub.com\/en\/wp-json\/wp\/v2\/product_cat?post=30290"},{"taxonomy":"product_tag","embeddable":true,"href":"https:\/\/velveas2026.devonlinehub.com\/en\/wp-json\/wp\/v2\/product_tag?post=30290"}],"curies":[{"name":"wp","href":"https:\/\/api.w.org\/{rel}","templated":true}]}}