{"id":29771,"date":"2026-03-21T07:49:21","date_gmt":"2026-03-21T07:49:21","guid":{"rendered":"https:\/\/velveas2026.devonlinehub.com\/?post_type=product&#038;p=29771"},"modified":"2026-03-27T09:19:57","modified_gmt":"2026-03-27T09:19:57","slug":"creme-anti-age-visage-50ml","status":"publish","type":"product","link":"https:\/\/velveas2026.devonlinehub.com\/en\/product\/creme-anti-age-visage-50ml\/","title":{"rendered":"Anti-Aging Face Cream \u2013 50ml"},"content":{"rendered":"<p class=\"font-claude-response-body break-words whitespace-normal leading-[1.7]\">La Cr\u00e8me Anti-\u00c2ge Visage VELVEAS est un soin complet qui agit en profondeur contre les signes du vieillissement. En effet, sa formule est enrichie en Acetyl Hexapeptide-8, \u00e9galement connu sous le nom d&rsquo;Argireline\u00ae. Ce peptide innovant aide \u00e0 r\u00e9duire visiblement les rides d&rsquo;expression. Ainsi, la peau retrouve sa fermet\u00e9 et son \u00e9lasticit\u00e9 naturelle.<\/p>\n<p class=\"font-claude-response-body break-words whitespace-normal leading-[1.7]\">Cette cr\u00e8me anti-\u00e2ge combine plusieurs actifs puissants pour des r\u00e9sultats optimaux. Tout d&rsquo;abord, l&rsquo;huile de Jojoba nourrit la peau sans obstruer les pores. Ensuite, le beurre de Karit\u00e9 apporte une hydratation intense et durable. De plus, la Vitamine E, puissant antioxydant, prot\u00e8ge les cellules contre le stress oxydatif. Par cons\u00e9quent, la barri\u00e8re cutan\u00e9e est renforc\u00e9e jour apr\u00e8s jour.<\/p>\n<p class=\"font-claude-response-body break-words whitespace-normal leading-[1.7]\">Les \u00e9mollients naturels pr\u00e9sents dans la formule assurent un fini doux et non gras. Gr\u00e2ce \u00e0 cette texture l\u00e9g\u00e8re, la cr\u00e8me p\u00e9n\u00e8tre rapidement sans laisser de r\u00e9sidu. Elle convient ainsi \u00e0 tous les types de peau, y compris les peaux sensibles. C&rsquo;est notamment un choix id\u00e9al pour celles qui recherchent une formule clean beauty, respectueuse de la peau et de l&rsquo;environnement.<\/p>\n<p class=\"font-claude-response-body break-words whitespace-normal leading-[1.7]\">Pour l&rsquo;application, pr\u00e9levez une noisette de cr\u00e8me anti-\u00e2ge le matin et le soir. Ensuite, appliquez-la sur le visage et le cou en effectuant de l\u00e9gers mouvements ascendants. Insistez particuli\u00e8rement sur les zones sujettes aux rides, c&rsquo;est-\u00e0-dire le contour des yeux, le front et les sillons nasog\u00e9niens. Enfin, laissez p\u00e9n\u00e9trer quelques instants avant d&rsquo;appliquer votre maquillage.<\/p>\n<p class=\"font-claude-response-body break-words whitespace-normal leading-[1.7]\">Pour des r\u00e9sultats encore plus visibles, associez cette cr\u00e8me \u00e0 notre <a href=\"\/huile-visage-eclat-glow-15ml\/\">huile visage \u00c9clat Glow<\/a>. D\u00e9couvrez \u00e9galement l&rsquo;ensemble de notre collection <a href=\"\/categorie-produit\/soins-visage\/\">soins visage naturels<\/a> VELVEAS pour une routine anti-\u00e2ge compl\u00e8te et efficace.<\/p>\n","protected":false},"excerpt":{"rendered":"<p>Soin luxueux \u00e0 la texture soyeuse qui hydrate intens\u00e9ment, lisse les rides et prot\u00e8ge la peau des agressions ext\u00e9rieures.<\/p>","protected":false},"featured_media":30347,"comment_status":"open","ping_status":"closed","template":"","meta":[],"product_brand":[],"product_cat":[78,75],"product_tag":[],"class_list":{"0":"post-29771","1":"product","2":"type-product","3":"status-publish","4":"has-post-thumbnail","6":"product_cat-collection-velveas","7":"product_cat-soins-visage","9":"first","10":"instock","11":"taxable","12":"shipping-taxable","13":"purchasable","14":"product-type-simple"},"yoast_head":"<!-- This site is optimized with the Yoast SEO plugin v27.2 - https:\/\/yoast.com\/product\/yoast-seo-wordpress\/ -->\n<title>Cr\u00e8me Anti-\u00c2ge Visage \u2013 Argireline\u00ae &amp; Karit\u00e9 Fermet\u00e9 50ml<\/title>\n<meta name=\"description\" content=\"La Cr\u00e8me Anti-\u00c2ge VELVEAS combat les rides avec l&#039;Argireline\u00ae, l&#039;huile de Jojoba et le Karit\u00e9. Fermet\u00e9 et \u00e9clat retrouv\u00e9s. Formule clean beauty.\" \/>\n<meta name=\"robots\" content=\"index, follow, max-snippet:-1, max-image-preview:large, max-video-preview:-1\" \/>\n<link rel=\"canonical\" href=\"https:\/\/velveas2026.devonlinehub.com\/en\/product\/creme-anti-age-visage-50ml\/\" \/>\n<meta property=\"og:locale\" content=\"en_GB\" \/>\n<meta property=\"og:type\" content=\"article\" \/>\n<meta property=\"og:title\" content=\"Cr\u00e8me Anti-\u00c2ge Visage \u2013 Argireline\u00ae &amp; Karit\u00e9 Fermet\u00e9 50ml\" \/>\n<meta property=\"og:description\" content=\"La Cr\u00e8me Anti-\u00c2ge VELVEAS combat les rides avec l&#039;Argireline\u00ae, l&#039;huile de Jojoba et le Karit\u00e9. Fermet\u00e9 et \u00e9clat retrouv\u00e9s. Formule clean beauty.\" \/>\n<meta property=\"og:url\" content=\"https:\/\/velveas2026.devonlinehub.com\/en\/product\/creme-anti-age-visage-50ml\/\" \/>\n<meta property=\"og:site_name\" content=\"Velveas\" \/>\n<meta property=\"article:publisher\" content=\"https:\/\/www.facebook.com\/people\/Velvas-Paris\/61580039374395\/\" \/>\n<meta property=\"article:modified_time\" content=\"2026-03-27T09:19:57+00:00\" \/>\n<meta property=\"og:image\" content=\"https:\/\/velveas2026.devonlinehub.com\/wp-content\/uploads\/2026\/03\/Creme-Anti-Age-Visage-face-50ml-1.webp\" \/>\n\t<meta property=\"og:image:width\" content=\"700\" \/>\n\t<meta property=\"og:image:height\" content=\"800\" \/>\n\t<meta property=\"og:image:type\" content=\"image\/webp\" \/>\n<meta name=\"twitter:card\" content=\"summary_large_image\" \/>\n<meta name=\"twitter:label1\" content=\"Estimated reading time\" \/>\n\t<meta name=\"twitter:data1\" content=\"2 minutes\" \/>\n<script type=\"application\/ld+json\" class=\"yoast-schema-graph\">{\"@context\":\"https:\/\/schema.org\",\"@graph\":[{\"@type\":\"WebPage\",\"@id\":\"https:\/\/velveas2026.devonlinehub.com\/produit\/creme-anti-age-visage-50ml\/\",\"url\":\"https:\/\/velveas2026.devonlinehub.com\/produit\/creme-anti-age-visage-50ml\/\",\"name\":\"Cr\u00e8me Anti-\u00c2ge Visage \u2013 Argireline\u00ae & Karit\u00e9 Fermet\u00e9 50ml\",\"isPartOf\":{\"@id\":\"https:\/\/velveas2026.devonlinehub.com\/#website\"},\"primaryImageOfPage\":{\"@id\":\"https:\/\/velveas2026.devonlinehub.com\/produit\/creme-anti-age-visage-50ml\/#primaryimage\"},\"image\":{\"@id\":\"https:\/\/velveas2026.devonlinehub.com\/produit\/creme-anti-age-visage-50ml\/#primaryimage\"},\"thumbnailUrl\":\"https:\/\/velveas2026.devonlinehub.com\/wp-content\/uploads\/2026\/03\/Creme-Anti-Age-Visage-face-50ml-1.webp\",\"datePublished\":\"2026-03-21T07:49:21+00:00\",\"dateModified\":\"2026-03-27T09:19:57+00:00\",\"description\":\"La Cr\u00e8me Anti-\u00c2ge VELVEAS combat les rides avec l'Argireline\u00ae, l'huile de Jojoba et le Karit\u00e9. Fermet\u00e9 et \u00e9clat retrouv\u00e9s. Formule clean beauty.\",\"breadcrumb\":{\"@id\":\"https:\/\/velveas2026.devonlinehub.com\/produit\/creme-anti-age-visage-50ml\/#breadcrumb\"},\"inLanguage\":\"en-GB\",\"potentialAction\":[{\"@type\":\"ReadAction\",\"target\":[\"https:\/\/velveas2026.devonlinehub.com\/produit\/creme-anti-age-visage-50ml\/\"]}]},{\"@type\":\"ImageObject\",\"inLanguage\":\"en-GB\",\"@id\":\"https:\/\/velveas2026.devonlinehub.com\/produit\/creme-anti-age-visage-50ml\/#primaryimage\",\"url\":\"https:\/\/velveas2026.devonlinehub.com\/wp-content\/uploads\/2026\/03\/Creme-Anti-Age-Visage-face-50ml-1.webp\",\"contentUrl\":\"https:\/\/velveas2026.devonlinehub.com\/wp-content\/uploads\/2026\/03\/Creme-Anti-Age-Visage-face-50ml-1.webp\",\"width\":700,\"height\":800,\"caption\":\"La Cr\u00e8me Anti-\u00c2ge Velv\u00e9as 50 ml, un soin visage quotidien qui lisse les rides et raffermit la peau pour un teint visiblement plus jeune.\"},{\"@type\":\"BreadcrumbList\",\"@id\":\"https:\/\/velveas2026.devonlinehub.com\/produit\/creme-anti-age-visage-50ml\/#breadcrumb\",\"itemListElement\":[{\"@type\":\"ListItem\",\"position\":1,\"name\":\"Accueil\",\"item\":\"https:\/\/velveas2026.devonlinehub.com\/\"},{\"@type\":\"ListItem\",\"position\":2,\"name\":\"Shop\",\"item\":\"https:\/\/velveas2026.devonlinehub.com\/shop\/\"},{\"@type\":\"ListItem\",\"position\":3,\"name\":\"Cr\u00e8me Anti-\u00c2ge Visage-50ml\"}]},{\"@type\":\"WebSite\",\"@id\":\"https:\/\/velveas2026.devonlinehub.com\/#website\",\"url\":\"https:\/\/velveas2026.devonlinehub.com\/\",\"name\":\"Velv\u00e9as\",\"description\":\"La signature d\u2019une beaut\u00e9 raffin\u00e9e. Des formules premium pour sublimer votre peau et votre regard.\",\"publisher\":{\"@id\":\"https:\/\/velveas2026.devonlinehub.com\/#organization\"},\"potentialAction\":[{\"@type\":\"SearchAction\",\"target\":{\"@type\":\"EntryPoint\",\"urlTemplate\":\"https:\/\/velveas2026.devonlinehub.com\/?s={search_term_string}\"},\"query-input\":{\"@type\":\"PropertyValueSpecification\",\"valueRequired\":true,\"valueName\":\"search_term_string\"}}],\"inLanguage\":\"en-GB\"},{\"@type\":\"Organization\",\"@id\":\"https:\/\/velveas2026.devonlinehub.com\/#organization\",\"name\":\"Velv\u00e9as\",\"url\":\"https:\/\/velveas2026.devonlinehub.com\/\",\"logo\":{\"@type\":\"ImageObject\",\"inLanguage\":\"en-GB\",\"@id\":\"https:\/\/velveas2026.devonlinehub.com\/#\/schema\/logo\/image\/\",\"url\":\"https:\/\/velveas2026.devonlinehub.com\/wp-content\/uploads\/2026\/03\/logo-officiel.svg\",\"contentUrl\":\"https:\/\/velveas2026.devonlinehub.com\/wp-content\/uploads\/2026\/03\/logo-officiel.svg\",\"width\":597,\"height\":222,\"caption\":\"Velv\u00e9as\"},\"image\":{\"@id\":\"https:\/\/velveas2026.devonlinehub.com\/#\/schema\/logo\/image\/\"},\"sameAs\":[\"https:\/\/www.facebook.com\/people\/Velvas-Paris\/61580039374395\/\",\"https:\/\/www.instagram.com\/velveas\/\",\"https:\/\/www.snapchat.com\/@velveasparis\"]}]}<\/script>\n<!-- \/ Yoast SEO plugin. -->","yoast_head_json":{"title":"Cr\u00e8me Anti-\u00c2ge Visage \u2013 Argireline\u00ae & Karit\u00e9 Fermet\u00e9 50ml","description":"La Cr\u00e8me Anti-\u00c2ge VELVEAS combat les rides avec l'Argireline\u00ae, l'huile de Jojoba et le Karit\u00e9. Fermet\u00e9 et \u00e9clat retrouv\u00e9s. Formule clean beauty.","robots":{"index":"index","follow":"follow","max-snippet":"max-snippet:-1","max-image-preview":"max-image-preview:large","max-video-preview":"max-video-preview:-1"},"canonical":"https:\/\/velveas2026.devonlinehub.com\/en\/product\/creme-anti-age-visage-50ml\/","og_locale":"en_GB","og_type":"article","og_title":"Cr\u00e8me Anti-\u00c2ge Visage \u2013 Argireline\u00ae & Karit\u00e9 Fermet\u00e9 50ml","og_description":"La Cr\u00e8me Anti-\u00c2ge VELVEAS combat les rides avec l'Argireline\u00ae, l'huile de Jojoba et le Karit\u00e9. Fermet\u00e9 et \u00e9clat retrouv\u00e9s. Formule clean beauty.","og_url":"https:\/\/velveas2026.devonlinehub.com\/en\/product\/creme-anti-age-visage-50ml\/","og_site_name":"Velveas","article_publisher":"https:\/\/www.facebook.com\/people\/Velvas-Paris\/61580039374395\/","article_modified_time":"2026-03-27T09:19:57+00:00","og_image":[{"width":700,"height":800,"url":"https:\/\/velveas2026.devonlinehub.com\/wp-content\/uploads\/2026\/03\/Creme-Anti-Age-Visage-face-50ml-1.webp","type":"image\/webp"}],"twitter_card":"summary_large_image","twitter_misc":{"Estimated reading time":"2 minutes"},"schema":{"@context":"https:\/\/schema.org","@graph":[{"@type":"WebPage","@id":"https:\/\/velveas2026.devonlinehub.com\/produit\/creme-anti-age-visage-50ml\/","url":"https:\/\/velveas2026.devonlinehub.com\/produit\/creme-anti-age-visage-50ml\/","name":"Cr\u00e8me Anti-\u00c2ge Visage \u2013 Argireline\u00ae & Karit\u00e9 Fermet\u00e9 50ml","isPartOf":{"@id":"https:\/\/velveas2026.devonlinehub.com\/#website"},"primaryImageOfPage":{"@id":"https:\/\/velveas2026.devonlinehub.com\/produit\/creme-anti-age-visage-50ml\/#primaryimage"},"image":{"@id":"https:\/\/velveas2026.devonlinehub.com\/produit\/creme-anti-age-visage-50ml\/#primaryimage"},"thumbnailUrl":"https:\/\/velveas2026.devonlinehub.com\/wp-content\/uploads\/2026\/03\/Creme-Anti-Age-Visage-face-50ml-1.webp","datePublished":"2026-03-21T07:49:21+00:00","dateModified":"2026-03-27T09:19:57+00:00","description":"La Cr\u00e8me Anti-\u00c2ge VELVEAS combat les rides avec l'Argireline\u00ae, l'huile de Jojoba et le Karit\u00e9. Fermet\u00e9 et \u00e9clat retrouv\u00e9s. Formule clean beauty.","breadcrumb":{"@id":"https:\/\/velveas2026.devonlinehub.com\/produit\/creme-anti-age-visage-50ml\/#breadcrumb"},"inLanguage":"en-GB","potentialAction":[{"@type":"ReadAction","target":["https:\/\/velveas2026.devonlinehub.com\/produit\/creme-anti-age-visage-50ml\/"]}]},{"@type":"ImageObject","inLanguage":"en-GB","@id":"https:\/\/velveas2026.devonlinehub.com\/produit\/creme-anti-age-visage-50ml\/#primaryimage","url":"https:\/\/velveas2026.devonlinehub.com\/wp-content\/uploads\/2026\/03\/Creme-Anti-Age-Visage-face-50ml-1.webp","contentUrl":"https:\/\/velveas2026.devonlinehub.com\/wp-content\/uploads\/2026\/03\/Creme-Anti-Age-Visage-face-50ml-1.webp","width":700,"height":800,"caption":"La Cr\u00e8me Anti-\u00c2ge Velv\u00e9as 50 ml, un soin visage quotidien qui lisse les rides et raffermit la peau pour un teint visiblement plus jeune."},{"@type":"BreadcrumbList","@id":"https:\/\/velveas2026.devonlinehub.com\/produit\/creme-anti-age-visage-50ml\/#breadcrumb","itemListElement":[{"@type":"ListItem","position":1,"name":"Accueil","item":"https:\/\/velveas2026.devonlinehub.com\/"},{"@type":"ListItem","position":2,"name":"Shop","item":"https:\/\/velveas2026.devonlinehub.com\/shop\/"},{"@type":"ListItem","position":3,"name":"Cr\u00e8me Anti-\u00c2ge Visage-50ml"}]},{"@type":"WebSite","@id":"https:\/\/velveas2026.devonlinehub.com\/#website","url":"https:\/\/velveas2026.devonlinehub.com\/","name":"Velv\u00e9as","description":"La signature d\u2019une beaut\u00e9 raffin\u00e9e. Des formules premium pour sublimer votre peau et votre regard.","publisher":{"@id":"https:\/\/velveas2026.devonlinehub.com\/#organization"},"potentialAction":[{"@type":"SearchAction","target":{"@type":"EntryPoint","urlTemplate":"https:\/\/velveas2026.devonlinehub.com\/?s={search_term_string}"},"query-input":{"@type":"PropertyValueSpecification","valueRequired":true,"valueName":"search_term_string"}}],"inLanguage":"en-GB"},{"@type":"Organization","@id":"https:\/\/velveas2026.devonlinehub.com\/#organization","name":"Velv\u00e9as","url":"https:\/\/velveas2026.devonlinehub.com\/","logo":{"@type":"ImageObject","inLanguage":"en-GB","@id":"https:\/\/velveas2026.devonlinehub.com\/#\/schema\/logo\/image\/","url":"https:\/\/velveas2026.devonlinehub.com\/wp-content\/uploads\/2026\/03\/logo-officiel.svg","contentUrl":"https:\/\/velveas2026.devonlinehub.com\/wp-content\/uploads\/2026\/03\/logo-officiel.svg","width":597,"height":222,"caption":"Velv\u00e9as"},"image":{"@id":"https:\/\/velveas2026.devonlinehub.com\/#\/schema\/logo\/image\/"},"sameAs":["https:\/\/www.facebook.com\/people\/Velvas-Paris\/61580039374395\/","https:\/\/www.instagram.com\/velveas\/","https:\/\/www.snapchat.com\/@velveasparis"]}]}},"_links":{"self":[{"href":"https:\/\/velveas2026.devonlinehub.com\/en\/wp-json\/wp\/v2\/product\/29771","targetHints":{"allow":["GET"]}}],"collection":[{"href":"https:\/\/velveas2026.devonlinehub.com\/en\/wp-json\/wp\/v2\/product"}],"about":[{"href":"https:\/\/velveas2026.devonlinehub.com\/en\/wp-json\/wp\/v2\/types\/product"}],"replies":[{"embeddable":true,"href":"https:\/\/velveas2026.devonlinehub.com\/en\/wp-json\/wp\/v2\/comments?post=29771"}],"version-history":[{"count":3,"href":"https:\/\/velveas2026.devonlinehub.com\/en\/wp-json\/wp\/v2\/product\/29771\/revisions"}],"predecessor-version":[{"id":30795,"href":"https:\/\/velveas2026.devonlinehub.com\/en\/wp-json\/wp\/v2\/product\/29771\/revisions\/30795"}],"wp:featuredmedia":[{"embeddable":true,"href":"https:\/\/velveas2026.devonlinehub.com\/en\/wp-json\/wp\/v2\/media\/30347"}],"wp:attachment":[{"href":"https:\/\/velveas2026.devonlinehub.com\/en\/wp-json\/wp\/v2\/media?parent=29771"}],"wp:term":[{"taxonomy":"product_brand","embeddable":true,"href":"https:\/\/velveas2026.devonlinehub.com\/en\/wp-json\/wp\/v2\/product_brand?post=29771"},{"taxonomy":"product_cat","embeddable":true,"href":"https:\/\/velveas2026.devonlinehub.com\/en\/wp-json\/wp\/v2\/product_cat?post=29771"},{"taxonomy":"product_tag","embeddable":true,"href":"https:\/\/velveas2026.devonlinehub.com\/en\/wp-json\/wp\/v2\/product_tag?post=29771"}],"curies":[{"name":"wp","href":"https:\/\/api.w.org\/{rel}","templated":true}]}}