{"id":29768,"date":"2026-03-21T07:44:20","date_gmt":"2026-03-21T07:44:20","guid":{"rendered":"https:\/\/velveas2026.devonlinehub.com\/?post_type=product&#038;p=29768"},"modified":"2026-03-27T09:22:15","modified_gmt":"2026-03-27T09:22:15","slug":"soin-contour-des-yeux-15ml","status":"publish","type":"product","link":"https:\/\/velveas2026.devonlinehub.com\/en\/product\/soin-contour-des-yeux-15ml\/","title":{"rendered":"Eye Contour Care-15ml"},"content":{"rendered":"<p class=\"font-claude-response-body break-words whitespace-normal leading-[1.7]\">Le Soin Contour des Yeux VELVEAS est sp\u00e9cialement formul\u00e9 pour la zone d\u00e9licate du contour des yeux. En effet, cette zone est la plus fine et la plus fragile du visage. Elle n\u00e9cessite donc un soin cibl\u00e9 et adapt\u00e9. Sa texture fine et l\u00e9g\u00e8re p\u00e9n\u00e8tre instantan\u00e9ment sans laisser de film gras.<\/p>\n<p class=\"font-claude-response-body break-words whitespace-normal leading-[1.7]\">Ce soin contour des yeux est enrichi en caf\u00e9ine et en peptides de collag\u00e8ne. Tout d&rsquo;abord, la caf\u00e9ine active la microcirculation autour de l&rsquo;\u0153il. Elle aide ainsi \u00e0 r\u00e9duire visiblement les cernes et les poches d\u00e8s les premi\u00e8res applications. Ensuite, les peptides de collag\u00e8ne stimulent la production naturelle de collag\u00e8ne. Par cons\u00e9quent, les ridules et les rides d&rsquo;expression sont progressivement liss\u00e9es.<\/p>\n<p class=\"font-claude-response-body break-words whitespace-normal leading-[1.7]\">Pour l&rsquo;application, pr\u00e9levez une petite quantit\u00e9 de soin contour des yeux du bout de l&rsquo;annulaire. En effet, ce doigt exerce la pression la plus l\u00e9g\u00e8re. Ensuite, appliquez par petits tapotements d\u00e9licats le long de l&rsquo;arcade osseuse. Commencez par le coin interne de l&rsquo;\u0153il, puis progressez vers le coin externe. Enfin, remontez l\u00e9g\u00e8rement sous le sourcil. Utilisez-le matin et soir sur une peau propre, avant votre cr\u00e8me hydratante.<\/p>\n<p class=\"font-claude-response-body break-words whitespace-normal leading-[1.7]\">Gr\u00e2ce \u00e0 sa formule test\u00e9e ophtalmologiquement, ce soin contour des yeux convient aux yeux sensibles et aux porteurs de lentilles. Ainsi, il s&rsquo;int\u00e8gre facilement dans toute routine de soin quotidienne.<\/p>\n<p class=\"font-claude-response-body break-words whitespace-normal leading-[1.7]\">Pour des r\u00e9sultats optimaux, associez ce soin \u00e0 notre <a href=\"\/creme-anti-age-visage-50ml\/\">Cr\u00e8me Anti-\u00c2ge Visage<\/a>. D\u00e9couvrez \u00e9galement l&rsquo;ensemble de notre collection <a href=\"http:\/\/categorie-produit\/soins-visage\/\">soins visage naturels<\/a> VELVEAS pour une routine compl\u00e8te et efficace.<\/p>\n","protected":false},"excerpt":{"rendered":"<p>Soin cibl\u00e9 pour le contour des yeux qui att\u00e9nue les cernes, r\u00e9duit les poches et lisse les ridules. Regard frais et repos\u00e9.<\/p>","protected":false},"featured_media":30688,"comment_status":"open","ping_status":"closed","template":"","meta":[],"product_brand":[],"product_cat":[78,75],"product_tag":[],"class_list":{"0":"post-29768","1":"product","2":"type-product","3":"status-publish","4":"has-post-thumbnail","6":"product_cat-collection-velveas","7":"product_cat-soins-visage","9":"first","10":"instock","11":"taxable","12":"shipping-taxable","13":"purchasable","14":"product-type-simple"},"yoast_head":"<!-- This site is optimized with the Yoast SEO plugin v27.2 - https:\/\/yoast.com\/product\/yoast-seo-wordpress\/ -->\n<title>Soin Contour des Yeux - Anti-Cernes &amp; Anti-Poches 15ml<\/title>\n<meta name=\"description\" content=\"Le Soin Contour des Yeux VELVEAS att\u00e9nue cernes et poches, lisse les ridules. Regard frais avec caf\u00e9ine et peptides de collag\u00e8ne.\" \/>\n<meta name=\"robots\" content=\"index, follow, max-snippet:-1, max-image-preview:large, max-video-preview:-1\" \/>\n<link rel=\"canonical\" href=\"https:\/\/velveas2026.devonlinehub.com\/en\/product\/soin-contour-des-yeux-15ml\/\" \/>\n<meta property=\"og:locale\" content=\"en_GB\" \/>\n<meta property=\"og:type\" content=\"article\" \/>\n<meta property=\"og:title\" content=\"Soin Contour des Yeux - Anti-Cernes &amp; Anti-Poches 15ml\" \/>\n<meta property=\"og:description\" content=\"Le Soin Contour des Yeux VELVEAS att\u00e9nue cernes et poches, lisse les ridules. Regard frais avec caf\u00e9ine et peptides de collag\u00e8ne.\" \/>\n<meta property=\"og:url\" content=\"https:\/\/velveas2026.devonlinehub.com\/en\/product\/soin-contour-des-yeux-15ml\/\" \/>\n<meta property=\"og:site_name\" content=\"Velveas\" \/>\n<meta property=\"article:publisher\" content=\"https:\/\/www.facebook.com\/people\/Velvas-Paris\/61580039374395\/\" \/>\n<meta property=\"article:modified_time\" content=\"2026-03-27T09:22:15+00:00\" \/>\n<meta property=\"og:image\" content=\"https:\/\/velveas2026.devonlinehub.com\/wp-content\/uploads\/2026\/03\/creme-anti-age-contour-yeux-velveas-15ml.webp\" \/>\n\t<meta property=\"og:image:width\" content=\"700\" \/>\n\t<meta property=\"og:image:height\" content=\"800\" \/>\n\t<meta property=\"og:image:type\" content=\"image\/webp\" \/>\n<meta name=\"twitter:card\" content=\"summary_large_image\" \/>\n<meta name=\"twitter:label1\" content=\"Estimated reading time\" \/>\n\t<meta name=\"twitter:data1\" content=\"2 minutes\" \/>\n<script type=\"application\/ld+json\" class=\"yoast-schema-graph\">{\"@context\":\"https:\/\/schema.org\",\"@graph\":[{\"@type\":\"WebPage\",\"@id\":\"https:\/\/velveas2026.devonlinehub.com\/produit\/soin-contour-des-yeux-15ml\/\",\"url\":\"https:\/\/velveas2026.devonlinehub.com\/produit\/soin-contour-des-yeux-15ml\/\",\"name\":\"Soin Contour des Yeux - Anti-Cernes & Anti-Poches 15ml\",\"isPartOf\":{\"@id\":\"https:\/\/velveas2026.devonlinehub.com\/#website\"},\"primaryImageOfPage\":{\"@id\":\"https:\/\/velveas2026.devonlinehub.com\/produit\/soin-contour-des-yeux-15ml\/#primaryimage\"},\"image\":{\"@id\":\"https:\/\/velveas2026.devonlinehub.com\/produit\/soin-contour-des-yeux-15ml\/#primaryimage\"},\"thumbnailUrl\":\"https:\/\/velveas2026.devonlinehub.com\/wp-content\/uploads\/2026\/03\/creme-anti-age-contour-yeux-velveas-15ml.webp\",\"datePublished\":\"2026-03-21T07:44:20+00:00\",\"dateModified\":\"2026-03-27T09:22:15+00:00\",\"description\":\"Le Soin Contour des Yeux VELVEAS att\u00e9nue cernes et poches, lisse les ridules. Regard frais avec caf\u00e9ine et peptides de collag\u00e8ne.\",\"breadcrumb\":{\"@id\":\"https:\/\/velveas2026.devonlinehub.com\/produit\/soin-contour-des-yeux-15ml\/#breadcrumb\"},\"inLanguage\":\"en-GB\",\"potentialAction\":[{\"@type\":\"ReadAction\",\"target\":[\"https:\/\/velveas2026.devonlinehub.com\/produit\/soin-contour-des-yeux-15ml\/\"]}]},{\"@type\":\"ImageObject\",\"inLanguage\":\"en-GB\",\"@id\":\"https:\/\/velveas2026.devonlinehub.com\/produit\/soin-contour-des-yeux-15ml\/#primaryimage\",\"url\":\"https:\/\/velveas2026.devonlinehub.com\/wp-content\/uploads\/2026\/03\/creme-anti-age-contour-yeux-velveas-15ml.webp\",\"contentUrl\":\"https:\/\/velveas2026.devonlinehub.com\/wp-content\/uploads\/2026\/03\/creme-anti-age-contour-yeux-velveas-15ml.webp\",\"width\":700,\"height\":800,\"caption\":\"Soin cibl\u00e9 contour des yeux aux actifs anti-\u00e2ge naturels\"},{\"@type\":\"BreadcrumbList\",\"@id\":\"https:\/\/velveas2026.devonlinehub.com\/produit\/soin-contour-des-yeux-15ml\/#breadcrumb\",\"itemListElement\":[{\"@type\":\"ListItem\",\"position\":1,\"name\":\"Accueil\",\"item\":\"https:\/\/velveas2026.devonlinehub.com\/\"},{\"@type\":\"ListItem\",\"position\":2,\"name\":\"Shop\",\"item\":\"https:\/\/velveas2026.devonlinehub.com\/shop\/\"},{\"@type\":\"ListItem\",\"position\":3,\"name\":\"Soin Contour des Yeux-15ml\"}]},{\"@type\":\"WebSite\",\"@id\":\"https:\/\/velveas2026.devonlinehub.com\/#website\",\"url\":\"https:\/\/velveas2026.devonlinehub.com\/\",\"name\":\"Velv\u00e9as\",\"description\":\"La signature d\u2019une beaut\u00e9 raffin\u00e9e. Des formules premium pour sublimer votre peau et votre regard.\",\"publisher\":{\"@id\":\"https:\/\/velveas2026.devonlinehub.com\/#organization\"},\"potentialAction\":[{\"@type\":\"SearchAction\",\"target\":{\"@type\":\"EntryPoint\",\"urlTemplate\":\"https:\/\/velveas2026.devonlinehub.com\/?s={search_term_string}\"},\"query-input\":{\"@type\":\"PropertyValueSpecification\",\"valueRequired\":true,\"valueName\":\"search_term_string\"}}],\"inLanguage\":\"en-GB\"},{\"@type\":\"Organization\",\"@id\":\"https:\/\/velveas2026.devonlinehub.com\/#organization\",\"name\":\"Velv\u00e9as\",\"url\":\"https:\/\/velveas2026.devonlinehub.com\/\",\"logo\":{\"@type\":\"ImageObject\",\"inLanguage\":\"en-GB\",\"@id\":\"https:\/\/velveas2026.devonlinehub.com\/#\/schema\/logo\/image\/\",\"url\":\"https:\/\/velveas2026.devonlinehub.com\/wp-content\/uploads\/2026\/03\/logo-officiel.svg\",\"contentUrl\":\"https:\/\/velveas2026.devonlinehub.com\/wp-content\/uploads\/2026\/03\/logo-officiel.svg\",\"width\":597,\"height\":222,\"caption\":\"Velv\u00e9as\"},\"image\":{\"@id\":\"https:\/\/velveas2026.devonlinehub.com\/#\/schema\/logo\/image\/\"},\"sameAs\":[\"https:\/\/www.facebook.com\/people\/Velvas-Paris\/61580039374395\/\",\"https:\/\/www.instagram.com\/velveas\/\",\"https:\/\/www.snapchat.com\/@velveasparis\"]}]}<\/script>\n<!-- \/ Yoast SEO plugin. -->","yoast_head_json":{"title":"Soin Contour des Yeux - Anti-Cernes & Anti-Poches 15ml","description":"Le Soin Contour des Yeux VELVEAS att\u00e9nue cernes et poches, lisse les ridules. Regard frais avec caf\u00e9ine et peptides de collag\u00e8ne.","robots":{"index":"index","follow":"follow","max-snippet":"max-snippet:-1","max-image-preview":"max-image-preview:large","max-video-preview":"max-video-preview:-1"},"canonical":"https:\/\/velveas2026.devonlinehub.com\/en\/product\/soin-contour-des-yeux-15ml\/","og_locale":"en_GB","og_type":"article","og_title":"Soin Contour des Yeux - Anti-Cernes & Anti-Poches 15ml","og_description":"Le Soin Contour des Yeux VELVEAS att\u00e9nue cernes et poches, lisse les ridules. Regard frais avec caf\u00e9ine et peptides de collag\u00e8ne.","og_url":"https:\/\/velveas2026.devonlinehub.com\/en\/product\/soin-contour-des-yeux-15ml\/","og_site_name":"Velveas","article_publisher":"https:\/\/www.facebook.com\/people\/Velvas-Paris\/61580039374395\/","article_modified_time":"2026-03-27T09:22:15+00:00","og_image":[{"width":700,"height":800,"url":"https:\/\/velveas2026.devonlinehub.com\/wp-content\/uploads\/2026\/03\/creme-anti-age-contour-yeux-velveas-15ml.webp","type":"image\/webp"}],"twitter_card":"summary_large_image","twitter_misc":{"Estimated reading time":"2 minutes"},"schema":{"@context":"https:\/\/schema.org","@graph":[{"@type":"WebPage","@id":"https:\/\/velveas2026.devonlinehub.com\/produit\/soin-contour-des-yeux-15ml\/","url":"https:\/\/velveas2026.devonlinehub.com\/produit\/soin-contour-des-yeux-15ml\/","name":"Soin Contour des Yeux - Anti-Cernes & Anti-Poches 15ml","isPartOf":{"@id":"https:\/\/velveas2026.devonlinehub.com\/#website"},"primaryImageOfPage":{"@id":"https:\/\/velveas2026.devonlinehub.com\/produit\/soin-contour-des-yeux-15ml\/#primaryimage"},"image":{"@id":"https:\/\/velveas2026.devonlinehub.com\/produit\/soin-contour-des-yeux-15ml\/#primaryimage"},"thumbnailUrl":"https:\/\/velveas2026.devonlinehub.com\/wp-content\/uploads\/2026\/03\/creme-anti-age-contour-yeux-velveas-15ml.webp","datePublished":"2026-03-21T07:44:20+00:00","dateModified":"2026-03-27T09:22:15+00:00","description":"Le Soin Contour des Yeux VELVEAS att\u00e9nue cernes et poches, lisse les ridules. Regard frais avec caf\u00e9ine et peptides de collag\u00e8ne.","breadcrumb":{"@id":"https:\/\/velveas2026.devonlinehub.com\/produit\/soin-contour-des-yeux-15ml\/#breadcrumb"},"inLanguage":"en-GB","potentialAction":[{"@type":"ReadAction","target":["https:\/\/velveas2026.devonlinehub.com\/produit\/soin-contour-des-yeux-15ml\/"]}]},{"@type":"ImageObject","inLanguage":"en-GB","@id":"https:\/\/velveas2026.devonlinehub.com\/produit\/soin-contour-des-yeux-15ml\/#primaryimage","url":"https:\/\/velveas2026.devonlinehub.com\/wp-content\/uploads\/2026\/03\/creme-anti-age-contour-yeux-velveas-15ml.webp","contentUrl":"https:\/\/velveas2026.devonlinehub.com\/wp-content\/uploads\/2026\/03\/creme-anti-age-contour-yeux-velveas-15ml.webp","width":700,"height":800,"caption":"Soin cibl\u00e9 contour des yeux aux actifs anti-\u00e2ge naturels"},{"@type":"BreadcrumbList","@id":"https:\/\/velveas2026.devonlinehub.com\/produit\/soin-contour-des-yeux-15ml\/#breadcrumb","itemListElement":[{"@type":"ListItem","position":1,"name":"Accueil","item":"https:\/\/velveas2026.devonlinehub.com\/"},{"@type":"ListItem","position":2,"name":"Shop","item":"https:\/\/velveas2026.devonlinehub.com\/shop\/"},{"@type":"ListItem","position":3,"name":"Soin Contour des Yeux-15ml"}]},{"@type":"WebSite","@id":"https:\/\/velveas2026.devonlinehub.com\/#website","url":"https:\/\/velveas2026.devonlinehub.com\/","name":"Velv\u00e9as","description":"La signature d\u2019une beaut\u00e9 raffin\u00e9e. Des formules premium pour sublimer votre peau et votre regard.","publisher":{"@id":"https:\/\/velveas2026.devonlinehub.com\/#organization"},"potentialAction":[{"@type":"SearchAction","target":{"@type":"EntryPoint","urlTemplate":"https:\/\/velveas2026.devonlinehub.com\/?s={search_term_string}"},"query-input":{"@type":"PropertyValueSpecification","valueRequired":true,"valueName":"search_term_string"}}],"inLanguage":"en-GB"},{"@type":"Organization","@id":"https:\/\/velveas2026.devonlinehub.com\/#organization","name":"Velv\u00e9as","url":"https:\/\/velveas2026.devonlinehub.com\/","logo":{"@type":"ImageObject","inLanguage":"en-GB","@id":"https:\/\/velveas2026.devonlinehub.com\/#\/schema\/logo\/image\/","url":"https:\/\/velveas2026.devonlinehub.com\/wp-content\/uploads\/2026\/03\/logo-officiel.svg","contentUrl":"https:\/\/velveas2026.devonlinehub.com\/wp-content\/uploads\/2026\/03\/logo-officiel.svg","width":597,"height":222,"caption":"Velv\u00e9as"},"image":{"@id":"https:\/\/velveas2026.devonlinehub.com\/#\/schema\/logo\/image\/"},"sameAs":["https:\/\/www.facebook.com\/people\/Velvas-Paris\/61580039374395\/","https:\/\/www.instagram.com\/velveas\/","https:\/\/www.snapchat.com\/@velveasparis"]}]}},"_links":{"self":[{"href":"https:\/\/velveas2026.devonlinehub.com\/en\/wp-json\/wp\/v2\/product\/29768","targetHints":{"allow":["GET"]}}],"collection":[{"href":"https:\/\/velveas2026.devonlinehub.com\/en\/wp-json\/wp\/v2\/product"}],"about":[{"href":"https:\/\/velveas2026.devonlinehub.com\/en\/wp-json\/wp\/v2\/types\/product"}],"replies":[{"embeddable":true,"href":"https:\/\/velveas2026.devonlinehub.com\/en\/wp-json\/wp\/v2\/comments?post=29768"}],"version-history":[{"count":3,"href":"https:\/\/velveas2026.devonlinehub.com\/en\/wp-json\/wp\/v2\/product\/29768\/revisions"}],"predecessor-version":[{"id":30796,"href":"https:\/\/velveas2026.devonlinehub.com\/en\/wp-json\/wp\/v2\/product\/29768\/revisions\/30796"}],"wp:featuredmedia":[{"embeddable":true,"href":"https:\/\/velveas2026.devonlinehub.com\/en\/wp-json\/wp\/v2\/media\/30688"}],"wp:attachment":[{"href":"https:\/\/velveas2026.devonlinehub.com\/en\/wp-json\/wp\/v2\/media?parent=29768"}],"wp:term":[{"taxonomy":"product_brand","embeddable":true,"href":"https:\/\/velveas2026.devonlinehub.com\/en\/wp-json\/wp\/v2\/product_brand?post=29768"},{"taxonomy":"product_cat","embeddable":true,"href":"https:\/\/velveas2026.devonlinehub.com\/en\/wp-json\/wp\/v2\/product_cat?post=29768"},{"taxonomy":"product_tag","embeddable":true,"href":"https:\/\/velveas2026.devonlinehub.com\/en\/wp-json\/wp\/v2\/product_tag?post=29768"}],"curies":[{"name":"wp","href":"https:\/\/api.w.org\/{rel}","templated":true}]}}