{"id":29766,"date":"2026-03-21T07:38:12","date_gmt":"2026-03-21T07:38:12","guid":{"rendered":"https:\/\/velveas2026.devonlinehub.com\/?post_type=product&#038;p=29766"},"modified":"2026-03-27T09:33:12","modified_gmt":"2026-03-27T09:33:12","slug":"serum-hyaluronique-intense-30ml","status":"publish","type":"product","link":"https:\/\/velveas2026.devonlinehub.com\/en\/product\/serum-hyaluronique-intense-30ml\/","title":{"rendered":"Hyaluron Intense Serum-30ml"},"content":{"rendered":"<p class=\"font-claude-response-body break-words whitespace-normal leading-[1.7]\">Le S\u00e9rum Hyaluronique Intense VELVEAS p\u00e9n\u00e8tre en profondeur gr\u00e2ce \u00e0 l&rsquo;acide hyaluronique multi-mol\u00e9culaire. En effet, cette technologie combine plusieurs tailles de mol\u00e9cules pour agir \u00e0 diff\u00e9rents niveaux de la peau. Ainsi, les couches superficielles sont repulp\u00e9es tandis que les couches profondes sont intens\u00e9ment hydrat\u00e9es.<\/p>\n<p class=\"font-claude-response-body break-words whitespace-normal leading-[1.7]\">Ce s\u00e9rum hyaluronique poss\u00e8de une texture l\u00e9g\u00e8re et non grasse. Il s&rsquo;absorbe donc rapidement sans laisser de film collant. Gr\u00e2ce \u00e0 sa formule concentr\u00e9e, il hydrate la peau de l&rsquo;int\u00e9rieur et lisse visiblement les ridules d\u00e8s les premi\u00e8res applications. De plus, il aide \u00e0 pr\u00e9server l&rsquo;\u00e9lasticit\u00e9 naturelle de la peau sur le long terme.<\/p>\n<p class=\"font-claude-response-body break-words whitespace-normal leading-[1.7]\">Le s\u00e9rum hyaluronique convient \u00e0 tous les types de peau, y compris les peaux sensibles. En effet, sa formule clean est compos\u00e9e \u00e0 99% d&rsquo;ingr\u00e9dients d&rsquo;origine naturelle. Par cons\u00e9quent, elle respecte m\u00eame les peaux les plus r\u00e9actives. C&rsquo;est notamment un soin id\u00e9al pour les peaux d\u00e9shydrat\u00e9es, fatigu\u00e9es ou qui manquent d&rsquo;\u00e9clat.<\/p>\n<p class=\"font-claude-response-body break-words whitespace-normal leading-[1.7]\">Pour l&rsquo;application, d\u00e9posez 3 \u00e0 4 gouttes de s\u00e9rum hyaluronique sur le visage et le cou. Ensuite, tapotez d\u00e9licatement du bout des doigts pour faciliter la p\u00e9n\u00e9tration. Utilisez-le matin et soir sur une peau propre, avant votre cr\u00e8me hydratante. Ainsi, il agit comme un booster d&rsquo;hydratation sous votre soin habituel.<\/p>\n<p class=\"font-claude-response-body break-words whitespace-normal leading-[1.7]\">Pour des r\u00e9sultats optimaux, associez ce s\u00e9rum hyaluronique \u00e0 notre <a href=\"\/produit\/creme-anti-age-visage-50ml\/\">Cr\u00e8me Anti-\u00c2ge Visage<\/a>. D\u00e9couvrez \u00e9galement l&rsquo;ensemble de notre collection <a href=\"\/categorie-produit\/soins-visage\/\">soins visage naturels<\/a> VELVEAS pour une routine hydratation compl\u00e8te.<\/p>\n","protected":false},"excerpt":{"rendered":"<p>D\u00e9couvrez une hydratation intense et un effet lissant imm\u00e9diat avec Hyaluron Intense, le soin concentr\u00e9 qui redonne \u00e0 votre peau fermet\u00e9 et \u00e9clat.<\/p>","protected":false},"featured_media":30239,"comment_status":"open","ping_status":"closed","template":"","meta":[],"product_brand":[],"product_cat":[78,75],"product_tag":[],"class_list":{"0":"post-29766","1":"product","2":"type-product","3":"status-publish","4":"has-post-thumbnail","6":"product_cat-collection-velveas","7":"product_cat-soins-visage","9":"first","10":"instock","11":"taxable","12":"shipping-taxable","13":"purchasable","14":"product-type-simple"},"yoast_head":"<!-- This site is optimized with the Yoast SEO plugin v27.2 - https:\/\/yoast.com\/product\/yoast-seo-wordpress\/ -->\n<title>S\u00e9rum Hyaluronique Intense VELVEAS - Acide Hyaluronique 30ml<\/title>\n<meta name=\"description\" content=\"Le S\u00e9rum Hyaluron Intense VELVEAS repulpe et hydrate en profondeur gr\u00e2ce \u00e0 l&#039;acide hyaluronique multi-mol\u00e9culaire. Effet lissant imm\u00e9diat, 99% naturel.\" \/>\n<meta name=\"robots\" content=\"index, follow, max-snippet:-1, max-image-preview:large, max-video-preview:-1\" \/>\n<link rel=\"canonical\" href=\"https:\/\/velveas2026.devonlinehub.com\/en\/product\/serum-hyaluronique-intense-30ml\/\" \/>\n<meta property=\"og:locale\" content=\"en_GB\" \/>\n<meta property=\"og:type\" content=\"article\" \/>\n<meta property=\"og:title\" content=\"S\u00e9rum Hyaluronique Intense VELVEAS - Acide Hyaluronique 30ml\" \/>\n<meta property=\"og:description\" content=\"Le S\u00e9rum Hyaluron Intense VELVEAS repulpe et hydrate en profondeur gr\u00e2ce \u00e0 l&#039;acide hyaluronique multi-mol\u00e9culaire. Effet lissant imm\u00e9diat, 99% naturel.\" \/>\n<meta property=\"og:url\" content=\"https:\/\/velveas2026.devonlinehub.com\/en\/product\/serum-hyaluronique-intense-30ml\/\" \/>\n<meta property=\"og:site_name\" content=\"Velveas\" \/>\n<meta property=\"article:publisher\" content=\"https:\/\/www.facebook.com\/people\/Velvas-Paris\/61580039374395\/\" \/>\n<meta property=\"article:modified_time\" content=\"2026-03-27T09:33:12+00:00\" \/>\n<meta property=\"og:image\" content=\"https:\/\/velveas2026.devonlinehub.com\/wp-content\/uploads\/2026\/03\/velveas-hyaluron-intense-gel-30ml-flacon.png\" \/>\n\t<meta property=\"og:image:width\" content=\"700\" \/>\n\t<meta property=\"og:image:height\" content=\"800\" \/>\n\t<meta property=\"og:image:type\" content=\"image\/png\" \/>\n<meta name=\"twitter:card\" content=\"summary_large_image\" \/>\n<meta name=\"twitter:label1\" content=\"Estimated reading time\" \/>\n\t<meta name=\"twitter:data1\" content=\"2 minutes\" \/>\n<script type=\"application\/ld+json\" class=\"yoast-schema-graph\">{\"@context\":\"https:\/\/schema.org\",\"@graph\":[{\"@type\":\"WebPage\",\"@id\":\"https:\/\/velveas2026.devonlinehub.com\/produit\/serum-hyaluronique-intense-30ml\/\",\"url\":\"https:\/\/velveas2026.devonlinehub.com\/produit\/serum-hyaluronique-intense-30ml\/\",\"name\":\"S\u00e9rum Hyaluronique Intense VELVEAS - Acide Hyaluronique 30ml\",\"isPartOf\":{\"@id\":\"https:\/\/velveas2026.devonlinehub.com\/#website\"},\"primaryImageOfPage\":{\"@id\":\"https:\/\/velveas2026.devonlinehub.com\/produit\/serum-hyaluronique-intense-30ml\/#primaryimage\"},\"image\":{\"@id\":\"https:\/\/velveas2026.devonlinehub.com\/produit\/serum-hyaluronique-intense-30ml\/#primaryimage\"},\"thumbnailUrl\":\"https:\/\/velveas2026.devonlinehub.com\/wp-content\/uploads\/2026\/03\/velveas-hyaluron-intense-gel-30ml-flacon.png\",\"datePublished\":\"2026-03-21T07:38:12+00:00\",\"dateModified\":\"2026-03-27T09:33:12+00:00\",\"description\":\"Le S\u00e9rum Hyaluron Intense VELVEAS repulpe et hydrate en profondeur gr\u00e2ce \u00e0 l'acide hyaluronique multi-mol\u00e9culaire. Effet lissant imm\u00e9diat, 99% naturel.\",\"breadcrumb\":{\"@id\":\"https:\/\/velveas2026.devonlinehub.com\/produit\/serum-hyaluronique-intense-30ml\/#breadcrumb\"},\"inLanguage\":\"en-GB\",\"potentialAction\":[{\"@type\":\"ReadAction\",\"target\":[\"https:\/\/velveas2026.devonlinehub.com\/produit\/serum-hyaluronique-intense-30ml\/\"]}]},{\"@type\":\"ImageObject\",\"inLanguage\":\"en-GB\",\"@id\":\"https:\/\/velveas2026.devonlinehub.com\/produit\/serum-hyaluronique-intense-30ml\/#primaryimage\",\"url\":\"https:\/\/velveas2026.devonlinehub.com\/wp-content\/uploads\/2026\/03\/velveas-hyaluron-intense-gel-30ml-flacon.png\",\"contentUrl\":\"https:\/\/velveas2026.devonlinehub.com\/wp-content\/uploads\/2026\/03\/velveas-hyaluron-intense-gel-30ml-flacon.png\",\"width\":700,\"height\":800,\"caption\":\"Le Hyaluron Intense Gel Velv\u00e9as, un concentr\u00e9 d'acide hyaluronique en format 30 ml pour une hydratation intense et un effet repulpant imm\u00e9diat.\"},{\"@type\":\"BreadcrumbList\",\"@id\":\"https:\/\/velveas2026.devonlinehub.com\/produit\/serum-hyaluronique-intense-30ml\/#breadcrumb\",\"itemListElement\":[{\"@type\":\"ListItem\",\"position\":1,\"name\":\"Accueil\",\"item\":\"https:\/\/velveas2026.devonlinehub.com\/\"},{\"@type\":\"ListItem\",\"position\":2,\"name\":\"Shop\",\"item\":\"https:\/\/velveas2026.devonlinehub.com\/shop\/\"},{\"@type\":\"ListItem\",\"position\":3,\"name\":\"S\u00e9rum Hyaluron Intense-30ml\"}]},{\"@type\":\"WebSite\",\"@id\":\"https:\/\/velveas2026.devonlinehub.com\/#website\",\"url\":\"https:\/\/velveas2026.devonlinehub.com\/\",\"name\":\"Velv\u00e9as\",\"description\":\"La signature d\u2019une beaut\u00e9 raffin\u00e9e. Des formules premium pour sublimer votre peau et votre regard.\",\"publisher\":{\"@id\":\"https:\/\/velveas2026.devonlinehub.com\/#organization\"},\"potentialAction\":[{\"@type\":\"SearchAction\",\"target\":{\"@type\":\"EntryPoint\",\"urlTemplate\":\"https:\/\/velveas2026.devonlinehub.com\/?s={search_term_string}\"},\"query-input\":{\"@type\":\"PropertyValueSpecification\",\"valueRequired\":true,\"valueName\":\"search_term_string\"}}],\"inLanguage\":\"en-GB\"},{\"@type\":\"Organization\",\"@id\":\"https:\/\/velveas2026.devonlinehub.com\/#organization\",\"name\":\"Velv\u00e9as\",\"url\":\"https:\/\/velveas2026.devonlinehub.com\/\",\"logo\":{\"@type\":\"ImageObject\",\"inLanguage\":\"en-GB\",\"@id\":\"https:\/\/velveas2026.devonlinehub.com\/#\/schema\/logo\/image\/\",\"url\":\"https:\/\/velveas2026.devonlinehub.com\/wp-content\/uploads\/2026\/03\/logo-officiel.svg\",\"contentUrl\":\"https:\/\/velveas2026.devonlinehub.com\/wp-content\/uploads\/2026\/03\/logo-officiel.svg\",\"width\":597,\"height\":222,\"caption\":\"Velv\u00e9as\"},\"image\":{\"@id\":\"https:\/\/velveas2026.devonlinehub.com\/#\/schema\/logo\/image\/\"},\"sameAs\":[\"https:\/\/www.facebook.com\/people\/Velvas-Paris\/61580039374395\/\",\"https:\/\/www.instagram.com\/velveas\/\",\"https:\/\/www.snapchat.com\/@velveasparis\"]}]}<\/script>\n<!-- \/ Yoast SEO plugin. -->","yoast_head_json":{"title":"S\u00e9rum Hyaluronique Intense VELVEAS - Acide Hyaluronique 30ml","description":"Le S\u00e9rum Hyaluron Intense VELVEAS repulpe et hydrate en profondeur gr\u00e2ce \u00e0 l'acide hyaluronique multi-mol\u00e9culaire. Effet lissant imm\u00e9diat, 99% naturel.","robots":{"index":"index","follow":"follow","max-snippet":"max-snippet:-1","max-image-preview":"max-image-preview:large","max-video-preview":"max-video-preview:-1"},"canonical":"https:\/\/velveas2026.devonlinehub.com\/en\/product\/serum-hyaluronique-intense-30ml\/","og_locale":"en_GB","og_type":"article","og_title":"S\u00e9rum Hyaluronique Intense VELVEAS - Acide Hyaluronique 30ml","og_description":"Le S\u00e9rum Hyaluron Intense VELVEAS repulpe et hydrate en profondeur gr\u00e2ce \u00e0 l'acide hyaluronique multi-mol\u00e9culaire. Effet lissant imm\u00e9diat, 99% naturel.","og_url":"https:\/\/velveas2026.devonlinehub.com\/en\/product\/serum-hyaluronique-intense-30ml\/","og_site_name":"Velveas","article_publisher":"https:\/\/www.facebook.com\/people\/Velvas-Paris\/61580039374395\/","article_modified_time":"2026-03-27T09:33:12+00:00","og_image":[{"width":700,"height":800,"url":"https:\/\/velveas2026.devonlinehub.com\/wp-content\/uploads\/2026\/03\/velveas-hyaluron-intense-gel-30ml-flacon.png","type":"image\/png"}],"twitter_card":"summary_large_image","twitter_misc":{"Estimated reading time":"2 minutes"},"schema":{"@context":"https:\/\/schema.org","@graph":[{"@type":"WebPage","@id":"https:\/\/velveas2026.devonlinehub.com\/produit\/serum-hyaluronique-intense-30ml\/","url":"https:\/\/velveas2026.devonlinehub.com\/produit\/serum-hyaluronique-intense-30ml\/","name":"S\u00e9rum Hyaluronique Intense VELVEAS - Acide Hyaluronique 30ml","isPartOf":{"@id":"https:\/\/velveas2026.devonlinehub.com\/#website"},"primaryImageOfPage":{"@id":"https:\/\/velveas2026.devonlinehub.com\/produit\/serum-hyaluronique-intense-30ml\/#primaryimage"},"image":{"@id":"https:\/\/velveas2026.devonlinehub.com\/produit\/serum-hyaluronique-intense-30ml\/#primaryimage"},"thumbnailUrl":"https:\/\/velveas2026.devonlinehub.com\/wp-content\/uploads\/2026\/03\/velveas-hyaluron-intense-gel-30ml-flacon.png","datePublished":"2026-03-21T07:38:12+00:00","dateModified":"2026-03-27T09:33:12+00:00","description":"Le S\u00e9rum Hyaluron Intense VELVEAS repulpe et hydrate en profondeur gr\u00e2ce \u00e0 l'acide hyaluronique multi-mol\u00e9culaire. Effet lissant imm\u00e9diat, 99% naturel.","breadcrumb":{"@id":"https:\/\/velveas2026.devonlinehub.com\/produit\/serum-hyaluronique-intense-30ml\/#breadcrumb"},"inLanguage":"en-GB","potentialAction":[{"@type":"ReadAction","target":["https:\/\/velveas2026.devonlinehub.com\/produit\/serum-hyaluronique-intense-30ml\/"]}]},{"@type":"ImageObject","inLanguage":"en-GB","@id":"https:\/\/velveas2026.devonlinehub.com\/produit\/serum-hyaluronique-intense-30ml\/#primaryimage","url":"https:\/\/velveas2026.devonlinehub.com\/wp-content\/uploads\/2026\/03\/velveas-hyaluron-intense-gel-30ml-flacon.png","contentUrl":"https:\/\/velveas2026.devonlinehub.com\/wp-content\/uploads\/2026\/03\/velveas-hyaluron-intense-gel-30ml-flacon.png","width":700,"height":800,"caption":"Le Hyaluron Intense Gel Velv\u00e9as, un concentr\u00e9 d'acide hyaluronique en format 30 ml pour une hydratation intense et un effet repulpant imm\u00e9diat."},{"@type":"BreadcrumbList","@id":"https:\/\/velveas2026.devonlinehub.com\/produit\/serum-hyaluronique-intense-30ml\/#breadcrumb","itemListElement":[{"@type":"ListItem","position":1,"name":"Accueil","item":"https:\/\/velveas2026.devonlinehub.com\/"},{"@type":"ListItem","position":2,"name":"Shop","item":"https:\/\/velveas2026.devonlinehub.com\/shop\/"},{"@type":"ListItem","position":3,"name":"S\u00e9rum Hyaluron Intense-30ml"}]},{"@type":"WebSite","@id":"https:\/\/velveas2026.devonlinehub.com\/#website","url":"https:\/\/velveas2026.devonlinehub.com\/","name":"Velv\u00e9as","description":"La signature d\u2019une beaut\u00e9 raffin\u00e9e. Des formules premium pour sublimer votre peau et votre regard.","publisher":{"@id":"https:\/\/velveas2026.devonlinehub.com\/#organization"},"potentialAction":[{"@type":"SearchAction","target":{"@type":"EntryPoint","urlTemplate":"https:\/\/velveas2026.devonlinehub.com\/?s={search_term_string}"},"query-input":{"@type":"PropertyValueSpecification","valueRequired":true,"valueName":"search_term_string"}}],"inLanguage":"en-GB"},{"@type":"Organization","@id":"https:\/\/velveas2026.devonlinehub.com\/#organization","name":"Velv\u00e9as","url":"https:\/\/velveas2026.devonlinehub.com\/","logo":{"@type":"ImageObject","inLanguage":"en-GB","@id":"https:\/\/velveas2026.devonlinehub.com\/#\/schema\/logo\/image\/","url":"https:\/\/velveas2026.devonlinehub.com\/wp-content\/uploads\/2026\/03\/logo-officiel.svg","contentUrl":"https:\/\/velveas2026.devonlinehub.com\/wp-content\/uploads\/2026\/03\/logo-officiel.svg","width":597,"height":222,"caption":"Velv\u00e9as"},"image":{"@id":"https:\/\/velveas2026.devonlinehub.com\/#\/schema\/logo\/image\/"},"sameAs":["https:\/\/www.facebook.com\/people\/Velvas-Paris\/61580039374395\/","https:\/\/www.instagram.com\/velveas\/","https:\/\/www.snapchat.com\/@velveasparis"]}]}},"_links":{"self":[{"href":"https:\/\/velveas2026.devonlinehub.com\/en\/wp-json\/wp\/v2\/product\/29766","targetHints":{"allow":["GET"]}}],"collection":[{"href":"https:\/\/velveas2026.devonlinehub.com\/en\/wp-json\/wp\/v2\/product"}],"about":[{"href":"https:\/\/velveas2026.devonlinehub.com\/en\/wp-json\/wp\/v2\/types\/product"}],"replies":[{"embeddable":true,"href":"https:\/\/velveas2026.devonlinehub.com\/en\/wp-json\/wp\/v2\/comments?post=29766"}],"version-history":[{"count":4,"href":"https:\/\/velveas2026.devonlinehub.com\/en\/wp-json\/wp\/v2\/product\/29766\/revisions"}],"predecessor-version":[{"id":30797,"href":"https:\/\/velveas2026.devonlinehub.com\/en\/wp-json\/wp\/v2\/product\/29766\/revisions\/30797"}],"wp:featuredmedia":[{"embeddable":true,"href":"https:\/\/velveas2026.devonlinehub.com\/en\/wp-json\/wp\/v2\/media\/30239"}],"wp:attachment":[{"href":"https:\/\/velveas2026.devonlinehub.com\/en\/wp-json\/wp\/v2\/media?parent=29766"}],"wp:term":[{"taxonomy":"product_brand","embeddable":true,"href":"https:\/\/velveas2026.devonlinehub.com\/en\/wp-json\/wp\/v2\/product_brand?post=29766"},{"taxonomy":"product_cat","embeddable":true,"href":"https:\/\/velveas2026.devonlinehub.com\/en\/wp-json\/wp\/v2\/product_cat?post=29766"},{"taxonomy":"product_tag","embeddable":true,"href":"https:\/\/velveas2026.devonlinehub.com\/en\/wp-json\/wp\/v2\/product_tag?post=29766"}],"curies":[{"name":"wp","href":"https:\/\/api.w.org\/{rel}","templated":true}]}}