{"id":29762,"date":"2026-03-21T07:31:07","date_gmt":"2026-03-21T07:31:07","guid":{"rendered":"https:\/\/velveas2026.devonlinehub.com\/?post_type=product&#038;p=29762"},"modified":"2026-03-27T09:35:22","modified_gmt":"2026-03-27T09:35:22","slug":"creme-de-nuit-regenerante-50ml","status":"publish","type":"product","link":"https:\/\/velveas2026.devonlinehub.com\/en\/product\/creme-de-nuit-regenerante-50ml\/","title":{"rendered":"Regenerating Night Cream-50ml"},"content":{"rendered":"<p class=\"font-claude-response-body break-words whitespace-normal leading-[1.7]\">La Cr\u00e8me de Nuit R\u00e9g\u00e9n\u00e9rante VELVEAS agit pendant le sommeil pour nourrir, apaiser et r\u00e9g\u00e9n\u00e9rer la peau. En effet, la nuit est le moment o\u00f9 la peau se r\u00e9pare naturellement. Cette cr\u00e8me de nuit accompagne ce processus en apportant les actifs essentiels dont elle a besoin. Au r\u00e9veil, la peau est plus lisse, \u00e9clatante et visiblement revitalis\u00e9e.<\/p>\n<p class=\"font-claude-response-body break-words whitespace-normal leading-[1.7]\">Cette cr\u00e8me de nuit est enrichie en trois ingr\u00e9dients cl\u00e9s soigneusement s\u00e9lectionn\u00e9s. Tout d&rsquo;abord, le beurre de Karit\u00e9 nourrit intens\u00e9ment les peaux les plus s\u00e8ches. Ensuite, l&rsquo;huile d&rsquo;Amande Douce apaise et adoucit la peau. Elle est notamment reconnue pour calmer les irritations et les tiraillements. De plus, la Vitamine E prot\u00e8ge les cellules gr\u00e2ce \u00e0 son puissant pouvoir antioxydant. Par cons\u00e9quent, la peau est prot\u00e9g\u00e9e contre le vieillissement pr\u00e9matur\u00e9 pendant la nuit.<\/p>\n<p class=\"font-claude-response-body break-words whitespace-normal leading-[1.7]\">La texture riche mais non grasse de cette cr\u00e8me de nuit fond sur la peau sans laisser de r\u00e9sidu. Ainsi, elle offre un confort imm\u00e9diat sans tacher l&rsquo;oreiller. Sa formule clean beauty est sans parab\u00e8nes et sans sulfates. Elle convient donc \u00e0 tous les types de peau, y compris les peaux sensibles et r\u00e9actives.<\/p>\n<p class=\"font-claude-response-body break-words whitespace-normal leading-[1.7]\">Pour l&rsquo;application, pr\u00e9levez une noisette de cr\u00e8me de nuit le soir sur une peau propre et s\u00e8che. Ensuite, appliquez-la en massant d\u00e9licatement le visage et le cou par mouvements ascendants. Pour un rituel encore plus efficace, appliquez d&rsquo;abord notre <a href=\"\/serum-hyaluronique-intense-30ml\/\">S\u00e9rum Hyaluronique Intense<\/a>. Ainsi, la cr\u00e8me de nuit scelle l&rsquo;hydratation apport\u00e9e par le s\u00e9rum.<\/p>\n<p class=\"font-claude-response-body break-words whitespace-normal leading-[1.7]\">D\u00e9couvrez \u00e9galement notre <a href=\"\/creme-de-jour-eclat-50ml\/\">Cr\u00e8me de Jour<\/a> pour compl\u00e9ter votre routine matin et soir. Explorez l&rsquo;ensemble de notre collection <a href=\"\/categorie-produit\/soins-visage\/\">soins visage naturels<\/a> VELVEAS pour une routine beaut\u00e9 compl\u00e8te et raffin\u00e9e.<\/p>\n","protected":false},"excerpt":{"rendered":"<p>Soin visage hydratant, r\u00e9parateur et anti-\u00e2ge pour peau s\u00e8che ou sensible. Aux actifs naturels pour une hydratation intense et une r\u00e9paration nocturne profonde.<\/p>","protected":false},"featured_media":30227,"comment_status":"open","ping_status":"closed","template":"","meta":[],"product_brand":[],"product_cat":[78,75],"product_tag":[],"class_list":{"0":"post-29762","1":"product","2":"type-product","3":"status-publish","4":"has-post-thumbnail","6":"product_cat-collection-velveas","7":"product_cat-soins-visage","9":"first","10":"instock","11":"taxable","12":"shipping-taxable","13":"purchasable","14":"product-type-simple"},"yoast_head":"<!-- This site is optimized with the Yoast SEO plugin v27.2 - https:\/\/yoast.com\/product\/yoast-seo-wordpress\/ -->\n<title>Cr\u00e8me de Nuit R\u00e9g\u00e9n\u00e9rante - R\u00e9paration &amp; Nutrition Intense 50ml<\/title>\n<meta name=\"description\" content=\"La Cr\u00e8me de Nuit R\u00e9g\u00e9n\u00e9rante VELVEAS nourrit et r\u00e9pare votre peau pendant le sommeil. Karit\u00e9, Amande Douce &amp; Vitamine E pour un teint revitalis\u00e9 au r\u00e9veil.\" \/>\n<meta name=\"robots\" content=\"index, follow, max-snippet:-1, max-image-preview:large, max-video-preview:-1\" \/>\n<link rel=\"canonical\" href=\"https:\/\/velveas2026.devonlinehub.com\/en\/product\/creme-de-nuit-regenerante-50ml\/\" \/>\n<meta property=\"og:locale\" content=\"en_GB\" \/>\n<meta property=\"og:type\" content=\"article\" \/>\n<meta property=\"og:title\" content=\"Cr\u00e8me de Nuit R\u00e9g\u00e9n\u00e9rante - R\u00e9paration &amp; Nutrition Intense 50ml\" \/>\n<meta property=\"og:description\" content=\"La Cr\u00e8me de Nuit R\u00e9g\u00e9n\u00e9rante VELVEAS nourrit et r\u00e9pare votre peau pendant le sommeil. Karit\u00e9, Amande Douce &amp; Vitamine E pour un teint revitalis\u00e9 au r\u00e9veil.\" \/>\n<meta property=\"og:url\" content=\"https:\/\/velveas2026.devonlinehub.com\/en\/product\/creme-de-nuit-regenerante-50ml\/\" \/>\n<meta property=\"og:site_name\" content=\"Velveas\" \/>\n<meta property=\"article:publisher\" content=\"https:\/\/www.facebook.com\/people\/Velvas-Paris\/61580039374395\/\" \/>\n<meta property=\"article:modified_time\" content=\"2026-03-27T09:35:22+00:00\" \/>\n<meta property=\"og:image\" content=\"https:\/\/velveas2026.devonlinehub.com\/wp-content\/uploads\/2026\/03\/Creme-de-Nuit-Regenerante-50ml.webp\" \/>\n\t<meta property=\"og:image:width\" content=\"700\" \/>\n\t<meta property=\"og:image:height\" content=\"800\" \/>\n\t<meta property=\"og:image:type\" content=\"image\/webp\" \/>\n<meta name=\"twitter:card\" content=\"summary_large_image\" \/>\n<meta name=\"twitter:label1\" content=\"Estimated reading time\" \/>\n\t<meta name=\"twitter:data1\" content=\"2 minutes\" \/>\n<script type=\"application\/ld+json\" class=\"yoast-schema-graph\">{\"@context\":\"https:\/\/schema.org\",\"@graph\":[{\"@type\":\"WebPage\",\"@id\":\"https:\/\/velveas2026.devonlinehub.com\/produit\/creme-de-nuit-regenerante-50ml\/\",\"url\":\"https:\/\/velveas2026.devonlinehub.com\/produit\/creme-de-nuit-regenerante-50ml\/\",\"name\":\"Cr\u00e8me de Nuit R\u00e9g\u00e9n\u00e9rante - R\u00e9paration & Nutrition Intense 50ml\",\"isPartOf\":{\"@id\":\"https:\/\/velveas2026.devonlinehub.com\/#website\"},\"primaryImageOfPage\":{\"@id\":\"https:\/\/velveas2026.devonlinehub.com\/produit\/creme-de-nuit-regenerante-50ml\/#primaryimage\"},\"image\":{\"@id\":\"https:\/\/velveas2026.devonlinehub.com\/produit\/creme-de-nuit-regenerante-50ml\/#primaryimage\"},\"thumbnailUrl\":\"https:\/\/velveas2026.devonlinehub.com\/wp-content\/uploads\/2026\/03\/Creme-de-Nuit-Regenerante-50ml.webp\",\"datePublished\":\"2026-03-21T07:31:07+00:00\",\"dateModified\":\"2026-03-27T09:35:22+00:00\",\"description\":\"La Cr\u00e8me de Nuit R\u00e9g\u00e9n\u00e9rante VELVEAS nourrit et r\u00e9pare votre peau pendant le sommeil. Karit\u00e9, Amande Douce & Vitamine E pour un teint revitalis\u00e9 au r\u00e9veil.\",\"breadcrumb\":{\"@id\":\"https:\/\/velveas2026.devonlinehub.com\/produit\/creme-de-nuit-regenerante-50ml\/#breadcrumb\"},\"inLanguage\":\"en-GB\",\"potentialAction\":[{\"@type\":\"ReadAction\",\"target\":[\"https:\/\/velveas2026.devonlinehub.com\/produit\/creme-de-nuit-regenerante-50ml\/\"]}]},{\"@type\":\"ImageObject\",\"inLanguage\":\"en-GB\",\"@id\":\"https:\/\/velveas2026.devonlinehub.com\/produit\/creme-de-nuit-regenerante-50ml\/#primaryimage\",\"url\":\"https:\/\/velveas2026.devonlinehub.com\/wp-content\/uploads\/2026\/03\/Creme-de-Nuit-Regenerante-50ml.webp\",\"contentUrl\":\"https:\/\/velveas2026.devonlinehub.com\/wp-content\/uploads\/2026\/03\/Creme-de-Nuit-Regenerante-50ml.webp\",\"width\":700,\"height\":800,\"caption\":\"Cr\u00e8me de Nuit R\u00e9g\u00e9n\u00e9rante Velv\u00e9as Paris \u2014 Votre soin nocturne pour une peau repulp\u00e9e au r\u00e9veil.\"},{\"@type\":\"BreadcrumbList\",\"@id\":\"https:\/\/velveas2026.devonlinehub.com\/produit\/creme-de-nuit-regenerante-50ml\/#breadcrumb\",\"itemListElement\":[{\"@type\":\"ListItem\",\"position\":1,\"name\":\"Accueil\",\"item\":\"https:\/\/velveas2026.devonlinehub.com\/\"},{\"@type\":\"ListItem\",\"position\":2,\"name\":\"Shop\",\"item\":\"https:\/\/velveas2026.devonlinehub.com\/shop\/\"},{\"@type\":\"ListItem\",\"position\":3,\"name\":\"Cr\u00e8me de Nuit R\u00e9g\u00e9n\u00e9rante-50ml\"}]},{\"@type\":\"WebSite\",\"@id\":\"https:\/\/velveas2026.devonlinehub.com\/#website\",\"url\":\"https:\/\/velveas2026.devonlinehub.com\/\",\"name\":\"Velv\u00e9as\",\"description\":\"La signature d\u2019une beaut\u00e9 raffin\u00e9e. Des formules premium pour sublimer votre peau et votre regard.\",\"publisher\":{\"@id\":\"https:\/\/velveas2026.devonlinehub.com\/#organization\"},\"potentialAction\":[{\"@type\":\"SearchAction\",\"target\":{\"@type\":\"EntryPoint\",\"urlTemplate\":\"https:\/\/velveas2026.devonlinehub.com\/?s={search_term_string}\"},\"query-input\":{\"@type\":\"PropertyValueSpecification\",\"valueRequired\":true,\"valueName\":\"search_term_string\"}}],\"inLanguage\":\"en-GB\"},{\"@type\":\"Organization\",\"@id\":\"https:\/\/velveas2026.devonlinehub.com\/#organization\",\"name\":\"Velv\u00e9as\",\"url\":\"https:\/\/velveas2026.devonlinehub.com\/\",\"logo\":{\"@type\":\"ImageObject\",\"inLanguage\":\"en-GB\",\"@id\":\"https:\/\/velveas2026.devonlinehub.com\/#\/schema\/logo\/image\/\",\"url\":\"https:\/\/velveas2026.devonlinehub.com\/wp-content\/uploads\/2026\/03\/logo-officiel.svg\",\"contentUrl\":\"https:\/\/velveas2026.devonlinehub.com\/wp-content\/uploads\/2026\/03\/logo-officiel.svg\",\"width\":597,\"height\":222,\"caption\":\"Velv\u00e9as\"},\"image\":{\"@id\":\"https:\/\/velveas2026.devonlinehub.com\/#\/schema\/logo\/image\/\"},\"sameAs\":[\"https:\/\/www.facebook.com\/people\/Velvas-Paris\/61580039374395\/\",\"https:\/\/www.instagram.com\/velveas\/\",\"https:\/\/www.snapchat.com\/@velveasparis\"]}]}<\/script>\n<!-- \/ Yoast SEO plugin. -->","yoast_head_json":{"title":"Cr\u00e8me de Nuit R\u00e9g\u00e9n\u00e9rante - R\u00e9paration & Nutrition Intense 50ml","description":"La Cr\u00e8me de Nuit R\u00e9g\u00e9n\u00e9rante VELVEAS nourrit et r\u00e9pare votre peau pendant le sommeil. Karit\u00e9, Amande Douce & Vitamine E pour un teint revitalis\u00e9 au r\u00e9veil.","robots":{"index":"index","follow":"follow","max-snippet":"max-snippet:-1","max-image-preview":"max-image-preview:large","max-video-preview":"max-video-preview:-1"},"canonical":"https:\/\/velveas2026.devonlinehub.com\/en\/product\/creme-de-nuit-regenerante-50ml\/","og_locale":"en_GB","og_type":"article","og_title":"Cr\u00e8me de Nuit R\u00e9g\u00e9n\u00e9rante - R\u00e9paration & Nutrition Intense 50ml","og_description":"La Cr\u00e8me de Nuit R\u00e9g\u00e9n\u00e9rante VELVEAS nourrit et r\u00e9pare votre peau pendant le sommeil. Karit\u00e9, Amande Douce & Vitamine E pour un teint revitalis\u00e9 au r\u00e9veil.","og_url":"https:\/\/velveas2026.devonlinehub.com\/en\/product\/creme-de-nuit-regenerante-50ml\/","og_site_name":"Velveas","article_publisher":"https:\/\/www.facebook.com\/people\/Velvas-Paris\/61580039374395\/","article_modified_time":"2026-03-27T09:35:22+00:00","og_image":[{"width":700,"height":800,"url":"https:\/\/velveas2026.devonlinehub.com\/wp-content\/uploads\/2026\/03\/Creme-de-Nuit-Regenerante-50ml.webp","type":"image\/webp"}],"twitter_card":"summary_large_image","twitter_misc":{"Estimated reading time":"2 minutes"},"schema":{"@context":"https:\/\/schema.org","@graph":[{"@type":"WebPage","@id":"https:\/\/velveas2026.devonlinehub.com\/produit\/creme-de-nuit-regenerante-50ml\/","url":"https:\/\/velveas2026.devonlinehub.com\/produit\/creme-de-nuit-regenerante-50ml\/","name":"Cr\u00e8me de Nuit R\u00e9g\u00e9n\u00e9rante - R\u00e9paration & Nutrition Intense 50ml","isPartOf":{"@id":"https:\/\/velveas2026.devonlinehub.com\/#website"},"primaryImageOfPage":{"@id":"https:\/\/velveas2026.devonlinehub.com\/produit\/creme-de-nuit-regenerante-50ml\/#primaryimage"},"image":{"@id":"https:\/\/velveas2026.devonlinehub.com\/produit\/creme-de-nuit-regenerante-50ml\/#primaryimage"},"thumbnailUrl":"https:\/\/velveas2026.devonlinehub.com\/wp-content\/uploads\/2026\/03\/Creme-de-Nuit-Regenerante-50ml.webp","datePublished":"2026-03-21T07:31:07+00:00","dateModified":"2026-03-27T09:35:22+00:00","description":"La Cr\u00e8me de Nuit R\u00e9g\u00e9n\u00e9rante VELVEAS nourrit et r\u00e9pare votre peau pendant le sommeil. Karit\u00e9, Amande Douce & Vitamine E pour un teint revitalis\u00e9 au r\u00e9veil.","breadcrumb":{"@id":"https:\/\/velveas2026.devonlinehub.com\/produit\/creme-de-nuit-regenerante-50ml\/#breadcrumb"},"inLanguage":"en-GB","potentialAction":[{"@type":"ReadAction","target":["https:\/\/velveas2026.devonlinehub.com\/produit\/creme-de-nuit-regenerante-50ml\/"]}]},{"@type":"ImageObject","inLanguage":"en-GB","@id":"https:\/\/velveas2026.devonlinehub.com\/produit\/creme-de-nuit-regenerante-50ml\/#primaryimage","url":"https:\/\/velveas2026.devonlinehub.com\/wp-content\/uploads\/2026\/03\/Creme-de-Nuit-Regenerante-50ml.webp","contentUrl":"https:\/\/velveas2026.devonlinehub.com\/wp-content\/uploads\/2026\/03\/Creme-de-Nuit-Regenerante-50ml.webp","width":700,"height":800,"caption":"Cr\u00e8me de Nuit R\u00e9g\u00e9n\u00e9rante Velv\u00e9as Paris \u2014 Votre soin nocturne pour une peau repulp\u00e9e au r\u00e9veil."},{"@type":"BreadcrumbList","@id":"https:\/\/velveas2026.devonlinehub.com\/produit\/creme-de-nuit-regenerante-50ml\/#breadcrumb","itemListElement":[{"@type":"ListItem","position":1,"name":"Accueil","item":"https:\/\/velveas2026.devonlinehub.com\/"},{"@type":"ListItem","position":2,"name":"Shop","item":"https:\/\/velveas2026.devonlinehub.com\/shop\/"},{"@type":"ListItem","position":3,"name":"Cr\u00e8me de Nuit R\u00e9g\u00e9n\u00e9rante-50ml"}]},{"@type":"WebSite","@id":"https:\/\/velveas2026.devonlinehub.com\/#website","url":"https:\/\/velveas2026.devonlinehub.com\/","name":"Velv\u00e9as","description":"La signature d\u2019une beaut\u00e9 raffin\u00e9e. Des formules premium pour sublimer votre peau et votre regard.","publisher":{"@id":"https:\/\/velveas2026.devonlinehub.com\/#organization"},"potentialAction":[{"@type":"SearchAction","target":{"@type":"EntryPoint","urlTemplate":"https:\/\/velveas2026.devonlinehub.com\/?s={search_term_string}"},"query-input":{"@type":"PropertyValueSpecification","valueRequired":true,"valueName":"search_term_string"}}],"inLanguage":"en-GB"},{"@type":"Organization","@id":"https:\/\/velveas2026.devonlinehub.com\/#organization","name":"Velv\u00e9as","url":"https:\/\/velveas2026.devonlinehub.com\/","logo":{"@type":"ImageObject","inLanguage":"en-GB","@id":"https:\/\/velveas2026.devonlinehub.com\/#\/schema\/logo\/image\/","url":"https:\/\/velveas2026.devonlinehub.com\/wp-content\/uploads\/2026\/03\/logo-officiel.svg","contentUrl":"https:\/\/velveas2026.devonlinehub.com\/wp-content\/uploads\/2026\/03\/logo-officiel.svg","width":597,"height":222,"caption":"Velv\u00e9as"},"image":{"@id":"https:\/\/velveas2026.devonlinehub.com\/#\/schema\/logo\/image\/"},"sameAs":["https:\/\/www.facebook.com\/people\/Velvas-Paris\/61580039374395\/","https:\/\/www.instagram.com\/velveas\/","https:\/\/www.snapchat.com\/@velveasparis"]}]}},"_links":{"self":[{"href":"https:\/\/velveas2026.devonlinehub.com\/en\/wp-json\/wp\/v2\/product\/29762","targetHints":{"allow":["GET"]}}],"collection":[{"href":"https:\/\/velveas2026.devonlinehub.com\/en\/wp-json\/wp\/v2\/product"}],"about":[{"href":"https:\/\/velveas2026.devonlinehub.com\/en\/wp-json\/wp\/v2\/types\/product"}],"replies":[{"embeddable":true,"href":"https:\/\/velveas2026.devonlinehub.com\/en\/wp-json\/wp\/v2\/comments?post=29762"}],"version-history":[{"count":4,"href":"https:\/\/velveas2026.devonlinehub.com\/en\/wp-json\/wp\/v2\/product\/29762\/revisions"}],"predecessor-version":[{"id":30799,"href":"https:\/\/velveas2026.devonlinehub.com\/en\/wp-json\/wp\/v2\/product\/29762\/revisions\/30799"}],"wp:featuredmedia":[{"embeddable":true,"href":"https:\/\/velveas2026.devonlinehub.com\/en\/wp-json\/wp\/v2\/media\/30227"}],"wp:attachment":[{"href":"https:\/\/velveas2026.devonlinehub.com\/en\/wp-json\/wp\/v2\/media?parent=29762"}],"wp:term":[{"taxonomy":"product_brand","embeddable":true,"href":"https:\/\/velveas2026.devonlinehub.com\/en\/wp-json\/wp\/v2\/product_brand?post=29762"},{"taxonomy":"product_cat","embeddable":true,"href":"https:\/\/velveas2026.devonlinehub.com\/en\/wp-json\/wp\/v2\/product_cat?post=29762"},{"taxonomy":"product_tag","embeddable":true,"href":"https:\/\/velveas2026.devonlinehub.com\/en\/wp-json\/wp\/v2\/product_tag?post=29762"}],"curies":[{"name":"wp","href":"https:\/\/api.w.org\/{rel}","templated":true}]}}