{"id":9,"date":"2026-03-19T18:42:40","date_gmt":"2026-03-19T18:42:40","guid":{"rendered":"https:\/\/velveas2026.devonlinehub.com\/mon-compte\/"},"modified":"2026-03-26T10:23:55","modified_gmt":"2026-03-26T10:23:55","slug":"mon-compte-velveas","status":"publish","type":"page","link":"https:\/\/velveas2026.devonlinehub.com\/en\/mon-compte-velveas\/","title":{"rendered":"My account"},"content":{"rendered":"<div data-elementor-type=\"wp-page\" data-elementor-id=\"9\" class=\"elementor elementor-9\">\n\t\t\t\t<div class=\"wd-negative-gap elementor-element elementor-element-13ec4caa e-flex e-con-boxed e-con e-parent\" data-id=\"13ec4caa\" data-element_type=\"container\" data-e-type=\"container\" data-settings=\"{&quot;background_background&quot;:&quot;classic&quot;}\">\n\t\t\t\t\t<div class=\"e-con-inner\">\n\t\t\t\t<div class=\"elementor-element elementor-element-6442d3a color-scheme-inherit text-left elementor-widget elementor-widget-text-editor\" data-id=\"6442d3a\" data-element_type=\"widget\" data-e-type=\"widget\" data-widget_type=\"text-editor.default\">\n\t\t\t\t\t\t\t\t\t<p><div class=\"woocommerce\"><\/div><\/p>\n\t\t\t\t\t\t\t\t<\/div>\n\t\t\t\t\t<\/div>\n\t\t\t\t<\/div>\n\t\t\t\t<\/div>","protected":false},"excerpt":{"rendered":"","protected":false},"author":1,"featured_media":0,"parent":0,"menu_order":0,"comment_status":"closed","ping_status":"closed","template":"","meta":{"footnotes":""},"class_list":["post-9","page","type-page","status-publish","hentry"],"yoast_head":"<!-- This site is optimized with the Yoast SEO plugin v27.2 - https:\/\/yoast.com\/product\/yoast-seo-wordpress\/ -->\n<title>Mon Compte Velv\u00e9as | Connexion &amp; Cr\u00e9ation de compte<\/title>\n<meta name=\"description\" content=\"Connectez-vous ou cr\u00e9ez votre compte Velv\u00e9as pour suivre vos commandes, g\u00e9rer vos informations et profiter d&#039;avantages exclusifs.\" \/>\n<meta name=\"robots\" content=\"index, follow, max-snippet:-1, max-image-preview:large, max-video-preview:-1\" \/>\n<link rel=\"canonical\" href=\"https:\/\/velveas2026.devonlinehub.com\/en\/mon-compte-velveas\/\" \/>\n<meta property=\"og:locale\" content=\"en_GB\" \/>\n<meta property=\"og:type\" content=\"article\" \/>\n<meta property=\"og:title\" content=\"Mon Compte Velv\u00e9as | Connexion &amp; Cr\u00e9ation de compte\" \/>\n<meta property=\"og:description\" content=\"Connectez-vous ou cr\u00e9ez votre compte Velv\u00e9as pour suivre vos commandes, g\u00e9rer vos informations et profiter d&#039;avantages exclusifs.\" \/>\n<meta property=\"og:url\" content=\"https:\/\/velveas2026.devonlinehub.com\/en\/mon-compte-velveas\/\" \/>\n<meta property=\"og:site_name\" content=\"Velveas\" \/>\n<meta property=\"article:publisher\" content=\"https:\/\/www.facebook.com\/people\/Velvas-Paris\/61580039374395\/\" \/>\n<meta property=\"article:modified_time\" content=\"2026-03-26T10:23:55+00:00\" \/>\n<meta name=\"twitter:card\" content=\"summary_large_image\" \/>\n<meta name=\"twitter:label1\" content=\"Estimated reading time\" \/>\n\t<meta name=\"twitter:data1\" content=\"1 minute\" \/>\n<script type=\"application\/ld+json\" class=\"yoast-schema-graph\">{\"@context\":\"https:\/\/schema.org\",\"@graph\":[{\"@type\":\"WebPage\",\"@id\":\"https:\/\/velveas2026.devonlinehub.com\/mon-compte-velveas\/\",\"url\":\"https:\/\/velveas2026.devonlinehub.com\/mon-compte-velveas\/\",\"name\":\"Mon Compte Velv\u00e9as | Connexion & Cr\u00e9ation de compte\",\"isPartOf\":{\"@id\":\"https:\/\/velveas2026.devonlinehub.com\/#website\"},\"datePublished\":\"2026-03-19T18:42:40+00:00\",\"dateModified\":\"2026-03-26T10:23:55+00:00\",\"description\":\"Connectez-vous ou cr\u00e9ez votre compte Velv\u00e9as pour suivre vos commandes, g\u00e9rer vos informations et profiter d'avantages exclusifs.\",\"breadcrumb\":{\"@id\":\"https:\/\/velveas2026.devonlinehub.com\/mon-compte-velveas\/#breadcrumb\"},\"inLanguage\":\"en-GB\",\"potentialAction\":[{\"@type\":\"ReadAction\",\"target\":[\"https:\/\/velveas2026.devonlinehub.com\/mon-compte-velveas\/\"]}]},{\"@type\":\"BreadcrumbList\",\"@id\":\"https:\/\/velveas2026.devonlinehub.com\/mon-compte-velveas\/#breadcrumb\",\"itemListElement\":[{\"@type\":\"ListItem\",\"position\":1,\"name\":\"Accueil\",\"item\":\"https:\/\/velveas2026.devonlinehub.com\/\"},{\"@type\":\"ListItem\",\"position\":2,\"name\":\"Mon compte\"}]},{\"@type\":\"WebSite\",\"@id\":\"https:\/\/velveas2026.devonlinehub.com\/#website\",\"url\":\"https:\/\/velveas2026.devonlinehub.com\/\",\"name\":\"Velv\u00e9as\",\"description\":\"La signature d\u2019une beaut\u00e9 raffin\u00e9e. Des formules premium pour sublimer votre peau et votre regard.\",\"publisher\":{\"@id\":\"https:\/\/velveas2026.devonlinehub.com\/#organization\"},\"potentialAction\":[{\"@type\":\"SearchAction\",\"target\":{\"@type\":\"EntryPoint\",\"urlTemplate\":\"https:\/\/velveas2026.devonlinehub.com\/?s={search_term_string}\"},\"query-input\":{\"@type\":\"PropertyValueSpecification\",\"valueRequired\":true,\"valueName\":\"search_term_string\"}}],\"inLanguage\":\"en-GB\"},{\"@type\":\"Organization\",\"@id\":\"https:\/\/velveas2026.devonlinehub.com\/#organization\",\"name\":\"Velv\u00e9as\",\"url\":\"https:\/\/velveas2026.devonlinehub.com\/\",\"logo\":{\"@type\":\"ImageObject\",\"inLanguage\":\"en-GB\",\"@id\":\"https:\/\/velveas2026.devonlinehub.com\/#\/schema\/logo\/image\/\",\"url\":\"https:\/\/velveas2026.devonlinehub.com\/wp-content\/uploads\/2026\/03\/logo-officiel.svg\",\"contentUrl\":\"https:\/\/velveas2026.devonlinehub.com\/wp-content\/uploads\/2026\/03\/logo-officiel.svg\",\"width\":597,\"height\":222,\"caption\":\"Velv\u00e9as\"},\"image\":{\"@id\":\"https:\/\/velveas2026.devonlinehub.com\/#\/schema\/logo\/image\/\"},\"sameAs\":[\"https:\/\/www.facebook.com\/people\/Velvas-Paris\/61580039374395\/\",\"https:\/\/www.instagram.com\/velveas\/\",\"https:\/\/www.snapchat.com\/@velveasparis\"]}]}<\/script>\n<!-- \/ Yoast SEO plugin. -->","yoast_head_json":{"title":"Mon Compte Velv\u00e9as | Connexion & Cr\u00e9ation de compte","description":"Connectez-vous ou cr\u00e9ez votre compte Velv\u00e9as pour suivre vos commandes, g\u00e9rer vos informations et profiter d'avantages exclusifs.","robots":{"index":"index","follow":"follow","max-snippet":"max-snippet:-1","max-image-preview":"max-image-preview:large","max-video-preview":"max-video-preview:-1"},"canonical":"https:\/\/velveas2026.devonlinehub.com\/en\/mon-compte-velveas\/","og_locale":"en_GB","og_type":"article","og_title":"Mon Compte Velv\u00e9as | Connexion & Cr\u00e9ation de compte","og_description":"Connectez-vous ou cr\u00e9ez votre compte Velv\u00e9as pour suivre vos commandes, g\u00e9rer vos informations et profiter d'avantages exclusifs.","og_url":"https:\/\/velveas2026.devonlinehub.com\/en\/mon-compte-velveas\/","og_site_name":"Velveas","article_publisher":"https:\/\/www.facebook.com\/people\/Velvas-Paris\/61580039374395\/","article_modified_time":"2026-03-26T10:23:55+00:00","twitter_card":"summary_large_image","twitter_misc":{"Estimated reading time":"1 minute"},"schema":{"@context":"https:\/\/schema.org","@graph":[{"@type":"WebPage","@id":"https:\/\/velveas2026.devonlinehub.com\/mon-compte-velveas\/","url":"https:\/\/velveas2026.devonlinehub.com\/mon-compte-velveas\/","name":"Mon Compte Velv\u00e9as | Connexion & Cr\u00e9ation de compte","isPartOf":{"@id":"https:\/\/velveas2026.devonlinehub.com\/#website"},"datePublished":"2026-03-19T18:42:40+00:00","dateModified":"2026-03-26T10:23:55+00:00","description":"Connectez-vous ou cr\u00e9ez votre compte Velv\u00e9as pour suivre vos commandes, g\u00e9rer vos informations et profiter d'avantages exclusifs.","breadcrumb":{"@id":"https:\/\/velveas2026.devonlinehub.com\/mon-compte-velveas\/#breadcrumb"},"inLanguage":"en-GB","potentialAction":[{"@type":"ReadAction","target":["https:\/\/velveas2026.devonlinehub.com\/mon-compte-velveas\/"]}]},{"@type":"BreadcrumbList","@id":"https:\/\/velveas2026.devonlinehub.com\/mon-compte-velveas\/#breadcrumb","itemListElement":[{"@type":"ListItem","position":1,"name":"Accueil","item":"https:\/\/velveas2026.devonlinehub.com\/"},{"@type":"ListItem","position":2,"name":"Mon compte"}]},{"@type":"WebSite","@id":"https:\/\/velveas2026.devonlinehub.com\/#website","url":"https:\/\/velveas2026.devonlinehub.com\/","name":"Velv\u00e9as","description":"La signature d\u2019une beaut\u00e9 raffin\u00e9e. Des formules premium pour sublimer votre peau et votre regard.","publisher":{"@id":"https:\/\/velveas2026.devonlinehub.com\/#organization"},"potentialAction":[{"@type":"SearchAction","target":{"@type":"EntryPoint","urlTemplate":"https:\/\/velveas2026.devonlinehub.com\/?s={search_term_string}"},"query-input":{"@type":"PropertyValueSpecification","valueRequired":true,"valueName":"search_term_string"}}],"inLanguage":"en-GB"},{"@type":"Organization","@id":"https:\/\/velveas2026.devonlinehub.com\/#organization","name":"Velv\u00e9as","url":"https:\/\/velveas2026.devonlinehub.com\/","logo":{"@type":"ImageObject","inLanguage":"en-GB","@id":"https:\/\/velveas2026.devonlinehub.com\/#\/schema\/logo\/image\/","url":"https:\/\/velveas2026.devonlinehub.com\/wp-content\/uploads\/2026\/03\/logo-officiel.svg","contentUrl":"https:\/\/velveas2026.devonlinehub.com\/wp-content\/uploads\/2026\/03\/logo-officiel.svg","width":597,"height":222,"caption":"Velv\u00e9as"},"image":{"@id":"https:\/\/velveas2026.devonlinehub.com\/#\/schema\/logo\/image\/"},"sameAs":["https:\/\/www.facebook.com\/people\/Velvas-Paris\/61580039374395\/","https:\/\/www.instagram.com\/velveas\/","https:\/\/www.snapchat.com\/@velveasparis"]}]}},"_hostinger_reach_plugin_has_subscription_block":false,"_hostinger_reach_plugin_is_elementor":false,"_links":{"self":[{"href":"https:\/\/velveas2026.devonlinehub.com\/en\/wp-json\/wp\/v2\/pages\/9","targetHints":{"allow":["GET"]}}],"collection":[{"href":"https:\/\/velveas2026.devonlinehub.com\/en\/wp-json\/wp\/v2\/pages"}],"about":[{"href":"https:\/\/velveas2026.devonlinehub.com\/en\/wp-json\/wp\/v2\/types\/page"}],"author":[{"embeddable":true,"href":"https:\/\/velveas2026.devonlinehub.com\/en\/wp-json\/wp\/v2\/users\/1"}],"replies":[{"embeddable":true,"href":"https:\/\/velveas2026.devonlinehub.com\/en\/wp-json\/wp\/v2\/comments?post=9"}],"version-history":[{"count":19,"href":"https:\/\/velveas2026.devonlinehub.com\/en\/wp-json\/wp\/v2\/pages\/9\/revisions"}],"predecessor-version":[{"id":30207,"href":"https:\/\/velveas2026.devonlinehub.com\/en\/wp-json\/wp\/v2\/pages\/9\/revisions\/30207"}],"wp:attachment":[{"href":"https:\/\/velveas2026.devonlinehub.com\/en\/wp-json\/wp\/v2\/media?parent=9"}],"curies":[{"name":"wp","href":"https:\/\/api.w.org\/{rel}","templated":true}]}}