{"id":7,"date":"2026-03-19T18:42:40","date_gmt":"2026-03-19T18:42:40","guid":{"rendered":"https:\/\/velveas2026.devonlinehub.com\/panier\/"},"modified":"2026-03-20T19:19:28","modified_gmt":"2026-03-20T19:19:28","slug":"panier","status":"publish","type":"page","link":"https:\/\/velveas2026.devonlinehub.com\/en\/panier\/","title":{"rendered":"Panier"},"content":{"rendered":"<div data-block-name=\"woocommerce\/cart\" class=\"wp-block-woocommerce-cart alignwide is-loading\">\n<div data-block-name=\"woocommerce\/filled-cart-block\" class=\"wp-block-woocommerce-filled-cart-block\">\n<div data-block-name=\"woocommerce\/cart-items-block\" class=\"wp-block-woocommerce-cart-items-block\">\n<div data-block-name=\"woocommerce\/cart-line-items-block\" class=\"wp-block-woocommerce-cart-line-items-block\"><\/div>\n\n\n<\/div>\n\n\n\n\n<div data-block-name=\"woocommerce\/cart-totals-block\" class=\"wp-block-woocommerce-cart-totals-block\">\n<div data-block-name=\"woocommerce\/cart-order-summary-block\" class=\"wp-block-woocommerce-cart-order-summary-block\">\n<div data-block-name=\"woocommerce\/cart-order-summary-heading-block\" class=\"wp-block-woocommerce-cart-order-summary-heading-block\"><\/div><div data-block-name=\"woocommerce\/cart-order-summary-coupon-form-block\" class=\"wp-block-woocommerce-cart-order-summary-coupon-form-block\"><\/div><div data-block-name=\"woocommerce\/cart-order-summary-totals-block\" class=\"wp-block-woocommerce-cart-order-summary-totals-block\">\n<div data-block-name=\"woocommerce\/cart-order-summary-subtotal-block\" class=\"wp-block-woocommerce-cart-order-summary-subtotal-block\"><\/div>\n<div data-block-name=\"woocommerce\/cart-order-summary-discount-block\" class=\"wp-block-woocommerce-cart-order-summary-discount-block\"><\/div>\n<div data-block-name=\"woocommerce\/cart-order-summary-fee-block\" class=\"wp-block-woocommerce-cart-order-summary-fee-block\"><\/div>\n<div data-block-name=\"woocommerce\/cart-order-summary-shipping-block\" class=\"wp-block-woocommerce-cart-order-summary-shipping-block\"><\/div>\n<div data-block-name=\"woocommerce\/cart-order-summary-taxes-block\" class=\"wp-block-woocommerce-cart-order-summary-taxes-block\"><\/div><\/div>\n<\/div>\n\n\n\n<div data-block-name=\"woocommerce-paypal-payments\/cart-paylater-messages\" data-pp-placement=\"cart\" data-pp-style-layout=\"text\" data-pp-style-logo-position=\"left\" data-pp-style-logo-type=\"inline\" data-pp-style-text-color=\"black\" data-pp-style-text-size=\"12\" id=\"ppcp-cart-paylater-messages\" class=\"ppcp-messages\" data-partner-attribution-id=\"WooPPCP_Ecom_PS_CoreProfiler\"><\/div><div data-block-name=\"woocommerce\/cart-express-payment-block\" class=\"wp-block-woocommerce-cart-express-payment-block\"><\/div>\n\n\n\n<div data-block-name=\"woocommerce\/proceed-to-checkout-block\" class=\"wp-block-woocommerce-proceed-to-checkout-block\"><\/div>\n<div id=\"ppcp-recaptcha-v2-container\" style=\"margin:20px 0;\"><\/div>\n\n\n<div data-block-name=\"woocommerce\/cart-accepted-payment-methods-block\" class=\"wp-block-woocommerce-cart-accepted-payment-methods-block\"><\/div>\n<\/div>\n<\/div>\n\n\n\n<div data-block-name=\"woocommerce\/empty-cart-block\" class=\"wp-block-woocommerce-empty-cart-block\">\n<h2 class=\"wp-block-heading has-text-align-center with-empty-cart-icon wc-block-cart__empty-cart__title\">Votre panier est actuellement vide\u00a0!<\/h2>\n\n\n\n<hr class=\"wp-block-separator has-alpha-channel-opacity is-style-dots\"\/>\n\n\n\n<h2 class=\"wp-block-heading has-text-align-center\">Nouveau dans la boutique<\/h2>\n\n\n<div data-block-name=\"woocommerce\/product-new\" data-columns=\"4\" data-rows=\"1\" class=\"wc-block-grid wp-block-product-new wp-block-woocommerce-product-new wc-block-product-new has-4-columns\"><ul class=\"wc-block-grid__products\"><li class=\"wc-block-grid__product\">\n\t\t\t\t<a href=\"https:\/\/velveas2026.devonlinehub.com\/en\/product\/fond-de-teint-velveas-teint-signature-25ml\/\" class=\"wc-block-grid__product-link\">\n\t\t\t\t\t\n\t\t\t\t\t<div class=\"wc-block-grid__product-image\"><img loading=\"lazy\" decoding=\"async\" width=\"430\" height=\"491\" src=\"https:\/\/velveas2026.devonlinehub.com\/wp-content\/uploads\/2026\/03\/fond-de-teint-teint-signature-velveas-v3-porcelaine-430x491.webp\" class=\"attachment-woocommerce_thumbnail size-woocommerce_thumbnail\" alt=\"Fond de teint Teint Signature Velv\u00e9as Paris teinte V3 Porcelaine - Peau claire\" srcset=\"https:\/\/velveas2026.devonlinehub.com\/wp-content\/uploads\/2026\/03\/fond-de-teint-teint-signature-velveas-v3-porcelaine-430x491.webp 430w, https:\/\/velveas2026.devonlinehub.com\/wp-content\/uploads\/2026\/03\/fond-de-teint-teint-signature-velveas-v3-porcelaine-263x300.webp 263w, https:\/\/velveas2026.devonlinehub.com\/wp-content\/uploads\/2026\/03\/fond-de-teint-teint-signature-velveas-v3-porcelaine-11x12.webp 11w, https:\/\/velveas2026.devonlinehub.com\/wp-content\/uploads\/2026\/03\/fond-de-teint-teint-signature-velveas-v3-porcelaine-150x171.webp 150w, https:\/\/velveas2026.devonlinehub.com\/wp-content\/uploads\/2026\/03\/fond-de-teint-teint-signature-velveas-v3-porcelaine.webp 700w\" sizes=\"auto, (max-width: 430px) 100vw, 430px\" \/><\/div>\n\t\t\t\t\t<div class=\"wc-block-grid__product-title\">Studio Fix Signature Foundation-25ml<\/div>\n\t\t\t\t<\/a>\n\t\t\t\t<div class=\"wc-block-grid__product-price price\"><span class=\"woocommerce-Price-amount amount\">49.90<span class=\"woocommerce-Price-currencySymbol\">\u20ac<\/span><\/span><\/div>\n\t\t\t\t\n\t\t\t\t<div class=\"wp-block-button wc-block-grid__product-add-to-cart\"><a href=\"https:\/\/velveas2026.devonlinehub.com\/en\/product\/fond-de-teint-velveas-teint-signature-25ml\/\" aria-label=\"Select options for \u201cStudio Fixe Fond de teint signature-25ml\u201d\" data-quantity=\"1\" data-product_id=\"30290\" data-product_sku=\"\" data-price=\"49.9\" rel=\"nofollow\" class=\"wp-block-button__link  add_to_cart_button\" data-no-translation=\"\" data-trp-gettext=\"\" data-no-translation-aria-label=\"\">Select options<\/a><\/div>\n\t\t\t<\/li><li class=\"wc-block-grid__product\">\n\t\t\t\t<a href=\"https:\/\/velveas2026.devonlinehub.com\/en\/product\/base-eclat-voile-declat-25ml\/\" class=\"wc-block-grid__product-link\">\n\t\t\t\t\t\n\t\t\t\t\t<div class=\"wc-block-grid__product-image\"><img loading=\"lazy\" decoding=\"async\" width=\"430\" height=\"491\" src=\"https:\/\/velveas2026.devonlinehub.com\/wp-content\/uploads\/2026\/03\/velveas-base-eclat-voile-declat-25ml-flacon-430x491.webp\" class=\"attachment-woocommerce_thumbnail size-woocommerce_thumbnail\" alt=\"Flacon Velv\u00e9as Base \u00c9clat Voile d&#039;\u00c9clat avec bouchon noir et formule dor\u00e9e lumineuse sur fond rose p\u00e2le\" srcset=\"https:\/\/velveas2026.devonlinehub.com\/wp-content\/uploads\/2026\/03\/velveas-base-eclat-voile-declat-25ml-flacon-430x491.webp 430w, https:\/\/velveas2026.devonlinehub.com\/wp-content\/uploads\/2026\/03\/velveas-base-eclat-voile-declat-25ml-flacon-263x300.webp 263w, https:\/\/velveas2026.devonlinehub.com\/wp-content\/uploads\/2026\/03\/velveas-base-eclat-voile-declat-25ml-flacon-11x12.webp 11w, https:\/\/velveas2026.devonlinehub.com\/wp-content\/uploads\/2026\/03\/velveas-base-eclat-voile-declat-25ml-flacon-150x171.webp 150w, https:\/\/velveas2026.devonlinehub.com\/wp-content\/uploads\/2026\/03\/velveas-base-eclat-voile-declat-25ml-flacon.webp 700w\" sizes=\"auto, (max-width: 430px) 100vw, 430px\" \/><\/div>\n\t\t\t\t\t<div class=\"wc-block-grid__product-title\">Glow Veil Radiance Primer \u2013 25ml<\/div>\n\t\t\t\t<\/a>\n\t\t\t\t<div class=\"wc-block-grid__product-price price\"><span class=\"woocommerce-Price-amount amount\">39.90<span class=\"woocommerce-Price-currencySymbol\">\u20ac<\/span><\/span><\/div>\n\t\t\t\t\n\t\t\t\t<div class=\"wp-block-button wc-block-grid__product-add-to-cart\"><a href=\"\/en\/wp-json\/wp\/v2\/pages\/7?add-to-cart=30288\" aria-label=\"Add to basket: \u201cBase \u00c9clat Voile d&#039;\u00c9clat-25ml\u201d\" data-quantity=\"1\" data-product_id=\"30288\" data-product_sku=\"\" data-price=\"39.9\" rel=\"nofollow\" class=\"wp-block-button__link  add_to_cart_button ajax_add_to_cart\" data-no-translation=\"\" data-trp-gettext=\"\" data-no-translation-aria-label=\"\">Add to basket<\/a><\/div>\n\t\t\t<\/li><li class=\"wc-block-grid__product\">\n\t\t\t\t<a href=\"https:\/\/velveas2026.devonlinehub.com\/en\/product\/base-matifiante-voile-matifiant-25ml\/\" class=\"wc-block-grid__product-link\">\n\t\t\t\t\t\n\t\t\t\t\t<div class=\"wc-block-grid__product-image\"><img loading=\"lazy\" decoding=\"async\" width=\"430\" height=\"491\" src=\"https:\/\/velveas2026.devonlinehub.com\/wp-content\/uploads\/2026\/03\/velveas-base-matifiante-voile-matifiant-25ml-flacon-430x491.webp\" class=\"attachment-woocommerce_thumbnail size-woocommerce_thumbnail\" alt=\"Flacon Velv\u00e9as Base Matifiante Voile Matifiant avec bouchon noir et formule blanche transparente sur fond rose p\u00e2le\" srcset=\"https:\/\/velveas2026.devonlinehub.com\/wp-content\/uploads\/2026\/03\/velveas-base-matifiante-voile-matifiant-25ml-flacon-430x491.webp 430w, https:\/\/velveas2026.devonlinehub.com\/wp-content\/uploads\/2026\/03\/velveas-base-matifiante-voile-matifiant-25ml-flacon-263x300.webp 263w, https:\/\/velveas2026.devonlinehub.com\/wp-content\/uploads\/2026\/03\/velveas-base-matifiante-voile-matifiant-25ml-flacon-11x12.webp 11w, https:\/\/velveas2026.devonlinehub.com\/wp-content\/uploads\/2026\/03\/velveas-base-matifiante-voile-matifiant-25ml-flacon-150x171.webp 150w, https:\/\/velveas2026.devonlinehub.com\/wp-content\/uploads\/2026\/03\/velveas-base-matifiante-voile-matifiant-25ml-flacon.webp 700w\" sizes=\"auto, (max-width: 430px) 100vw, 430px\" \/><\/div>\n\t\t\t\t\t<div class=\"wc-block-grid__product-title\">Mattifying Matte Veil Primer \u2013 25ml<\/div>\n\t\t\t\t<\/a>\n\t\t\t\t<div class=\"wc-block-grid__product-price price\"><span class=\"woocommerce-Price-amount amount\">49.90<span class=\"woocommerce-Price-currencySymbol\">\u20ac<\/span><\/span><\/div>\n\t\t\t\t\n\t\t\t\t<div class=\"wp-block-button wc-block-grid__product-add-to-cart\"><a href=\"\/en\/wp-json\/wp\/v2\/pages\/7?add-to-cart=30286\" aria-label=\"Add to basket: \u201cBase Matifiante Voile Matifiant-25ml\u201d\" data-quantity=\"1\" data-product_id=\"30286\" data-product_sku=\"\" data-price=\"49.9\" rel=\"nofollow\" class=\"wp-block-button__link  add_to_cart_button ajax_add_to_cart\" data-no-translation=\"\" data-trp-gettext=\"\" data-no-translation-aria-label=\"\">Add to basket<\/a><\/div>\n\t\t\t<\/li><li class=\"wc-block-grid__product\">\n\t\t\t\t<a href=\"https:\/\/velveas2026.devonlinehub.com\/en\/product\/base-lissante-voile-de-soie-25ml\/\" class=\"wc-block-grid__product-link\">\n\t\t\t\t\t\n\t\t\t\t\t<div class=\"wc-block-grid__product-image\"><img loading=\"lazy\" decoding=\"async\" width=\"430\" height=\"491\" src=\"https:\/\/velveas2026.devonlinehub.com\/wp-content\/uploads\/2026\/03\/velveas-base-lissante-voile-de-soie-25ml-flacon-430x491.webp\" class=\"attachment-woocommerce_thumbnail size-woocommerce_thumbnail\" alt=\"Flacon Velv\u00e9as Base Lissante Voile de Soie avec bouchon noir et formule blanche nacr\u00e9e sur fond rose p\u00e2le\" srcset=\"https:\/\/velveas2026.devonlinehub.com\/wp-content\/uploads\/2026\/03\/velveas-base-lissante-voile-de-soie-25ml-flacon-430x491.webp 430w, https:\/\/velveas2026.devonlinehub.com\/wp-content\/uploads\/2026\/03\/velveas-base-lissante-voile-de-soie-25ml-flacon-263x300.webp 263w, https:\/\/velveas2026.devonlinehub.com\/wp-content\/uploads\/2026\/03\/velveas-base-lissante-voile-de-soie-25ml-flacon-11x12.webp 11w, https:\/\/velveas2026.devonlinehub.com\/wp-content\/uploads\/2026\/03\/velveas-base-lissante-voile-de-soie-25ml-flacon-150x171.webp 150w, https:\/\/velveas2026.devonlinehub.com\/wp-content\/uploads\/2026\/03\/velveas-base-lissante-voile-de-soie-25ml-flacon.webp 700w\" sizes=\"auto, (max-width: 430px) 100vw, 430px\" \/><\/div>\n\t\t\t\t\t<div class=\"wc-block-grid__product-title\">Smoothing Silk Veil Primer \u2013 25ml<\/div>\n\t\t\t\t<\/a>\n\t\t\t\t<div class=\"wc-block-grid__product-price price\"><span class=\"woocommerce-Price-amount amount\">49.90<span class=\"woocommerce-Price-currencySymbol\">\u20ac<\/span><\/span><\/div>\n\t\t\t\t\n\t\t\t\t<div class=\"wp-block-button wc-block-grid__product-add-to-cart\"><a href=\"\/en\/wp-json\/wp\/v2\/pages\/7?add-to-cart=30284\" aria-label=\"Add to basket: \u201cBase Lissante Voile de Soie-25ml\u201d\" data-quantity=\"1\" data-product_id=\"30284\" data-product_sku=\"\" data-price=\"49.9\" rel=\"nofollow\" class=\"wp-block-button__link  add_to_cart_button ajax_add_to_cart\" data-no-translation=\"\" data-trp-gettext=\"\" data-no-translation-aria-label=\"\">Add to basket<\/a><\/div>\n\t\t\t<\/li><\/ul><\/div><\/div>\n<\/div>","protected":false},"excerpt":{"rendered":"","protected":false},"author":1,"featured_media":0,"parent":0,"menu_order":0,"comment_status":"closed","ping_status":"closed","template":"","meta":{"footnotes":""},"class_list":["post-7","page","type-page","status-publish","hentry"],"yoast_head":"<!-- This site is optimized with the Yoast SEO plugin v27.2 - https:\/\/yoast.com\/product\/yoast-seo-wordpress\/ -->\n<title>Panier - Velveas<\/title>\n<meta name=\"robots\" content=\"index, follow, max-snippet:-1, max-image-preview:large, max-video-preview:-1\" \/>\n<link rel=\"canonical\" href=\"https:\/\/velveas2026.devonlinehub.com\/en\/panier\/\" \/>\n<meta property=\"og:locale\" content=\"en_GB\" \/>\n<meta property=\"og:type\" content=\"article\" \/>\n<meta property=\"og:title\" content=\"Panier - Velveas\" \/>\n<meta property=\"og:url\" content=\"https:\/\/velveas2026.devonlinehub.com\/en\/panier\/\" \/>\n<meta property=\"og:site_name\" content=\"Velveas\" \/>\n<meta property=\"article:publisher\" content=\"https:\/\/www.facebook.com\/people\/Velvas-Paris\/61580039374395\/\" \/>\n<meta property=\"article:modified_time\" content=\"2026-03-20T19:19:28+00:00\" \/>\n<meta name=\"twitter:card\" content=\"summary_large_image\" \/>\n<script type=\"application\/ld+json\" class=\"yoast-schema-graph\">{\"@context\":\"https:\/\/schema.org\",\"@graph\":[{\"@type\":\"WebPage\",\"@id\":\"https:\/\/velveas2026.devonlinehub.com\/panier\/\",\"url\":\"https:\/\/velveas2026.devonlinehub.com\/panier\/\",\"name\":\"Panier - Velveas\",\"isPartOf\":{\"@id\":\"https:\/\/velveas2026.devonlinehub.com\/#website\"},\"datePublished\":\"2026-03-19T18:42:40+00:00\",\"dateModified\":\"2026-03-20T19:19:28+00:00\",\"breadcrumb\":{\"@id\":\"https:\/\/velveas2026.devonlinehub.com\/panier\/#breadcrumb\"},\"inLanguage\":\"en-GB\",\"potentialAction\":[{\"@type\":\"ReadAction\",\"target\":[\"https:\/\/velveas2026.devonlinehub.com\/panier\/\"]}]},{\"@type\":\"BreadcrumbList\",\"@id\":\"https:\/\/velveas2026.devonlinehub.com\/panier\/#breadcrumb\",\"itemListElement\":[{\"@type\":\"ListItem\",\"position\":1,\"name\":\"Accueil\",\"item\":\"https:\/\/velveas2026.devonlinehub.com\/\"},{\"@type\":\"ListItem\",\"position\":2,\"name\":\"Panier\"}]},{\"@type\":\"WebSite\",\"@id\":\"https:\/\/velveas2026.devonlinehub.com\/#website\",\"url\":\"https:\/\/velveas2026.devonlinehub.com\/\",\"name\":\"Velv\u00e9as\",\"description\":\"La signature d\u2019une beaut\u00e9 raffin\u00e9e. Des formules premium pour sublimer votre peau et votre regard.\",\"publisher\":{\"@id\":\"https:\/\/velveas2026.devonlinehub.com\/#organization\"},\"potentialAction\":[{\"@type\":\"SearchAction\",\"target\":{\"@type\":\"EntryPoint\",\"urlTemplate\":\"https:\/\/velveas2026.devonlinehub.com\/?s={search_term_string}\"},\"query-input\":{\"@type\":\"PropertyValueSpecification\",\"valueRequired\":true,\"valueName\":\"search_term_string\"}}],\"inLanguage\":\"en-GB\"},{\"@type\":\"Organization\",\"@id\":\"https:\/\/velveas2026.devonlinehub.com\/#organization\",\"name\":\"Velv\u00e9as\",\"url\":\"https:\/\/velveas2026.devonlinehub.com\/\",\"logo\":{\"@type\":\"ImageObject\",\"inLanguage\":\"en-GB\",\"@id\":\"https:\/\/velveas2026.devonlinehub.com\/#\/schema\/logo\/image\/\",\"url\":\"https:\/\/velveas2026.devonlinehub.com\/wp-content\/uploads\/2026\/03\/logo-officiel.svg\",\"contentUrl\":\"https:\/\/velveas2026.devonlinehub.com\/wp-content\/uploads\/2026\/03\/logo-officiel.svg\",\"width\":597,\"height\":222,\"caption\":\"Velv\u00e9as\"},\"image\":{\"@id\":\"https:\/\/velveas2026.devonlinehub.com\/#\/schema\/logo\/image\/\"},\"sameAs\":[\"https:\/\/www.facebook.com\/people\/Velvas-Paris\/61580039374395\/\",\"https:\/\/www.instagram.com\/velveas\/\",\"https:\/\/www.snapchat.com\/@velveasparis\"]}]}<\/script>\n<!-- \/ Yoast SEO plugin. -->","yoast_head_json":{"title":"Panier - Velveas","robots":{"index":"index","follow":"follow","max-snippet":"max-snippet:-1","max-image-preview":"max-image-preview:large","max-video-preview":"max-video-preview:-1"},"canonical":"https:\/\/velveas2026.devonlinehub.com\/en\/panier\/","og_locale":"en_GB","og_type":"article","og_title":"Panier - Velveas","og_url":"https:\/\/velveas2026.devonlinehub.com\/en\/panier\/","og_site_name":"Velveas","article_publisher":"https:\/\/www.facebook.com\/people\/Velvas-Paris\/61580039374395\/","article_modified_time":"2026-03-20T19:19:28+00:00","twitter_card":"summary_large_image","schema":{"@context":"https:\/\/schema.org","@graph":[{"@type":"WebPage","@id":"https:\/\/velveas2026.devonlinehub.com\/panier\/","url":"https:\/\/velveas2026.devonlinehub.com\/panier\/","name":"Panier - Velveas","isPartOf":{"@id":"https:\/\/velveas2026.devonlinehub.com\/#website"},"datePublished":"2026-03-19T18:42:40+00:00","dateModified":"2026-03-20T19:19:28+00:00","breadcrumb":{"@id":"https:\/\/velveas2026.devonlinehub.com\/panier\/#breadcrumb"},"inLanguage":"en-GB","potentialAction":[{"@type":"ReadAction","target":["https:\/\/velveas2026.devonlinehub.com\/panier\/"]}]},{"@type":"BreadcrumbList","@id":"https:\/\/velveas2026.devonlinehub.com\/panier\/#breadcrumb","itemListElement":[{"@type":"ListItem","position":1,"name":"Accueil","item":"https:\/\/velveas2026.devonlinehub.com\/"},{"@type":"ListItem","position":2,"name":"Panier"}]},{"@type":"WebSite","@id":"https:\/\/velveas2026.devonlinehub.com\/#website","url":"https:\/\/velveas2026.devonlinehub.com\/","name":"Velv\u00e9as","description":"La signature d\u2019une beaut\u00e9 raffin\u00e9e. Des formules premium pour sublimer votre peau et votre regard.","publisher":{"@id":"https:\/\/velveas2026.devonlinehub.com\/#organization"},"potentialAction":[{"@type":"SearchAction","target":{"@type":"EntryPoint","urlTemplate":"https:\/\/velveas2026.devonlinehub.com\/?s={search_term_string}"},"query-input":{"@type":"PropertyValueSpecification","valueRequired":true,"valueName":"search_term_string"}}],"inLanguage":"en-GB"},{"@type":"Organization","@id":"https:\/\/velveas2026.devonlinehub.com\/#organization","name":"Velv\u00e9as","url":"https:\/\/velveas2026.devonlinehub.com\/","logo":{"@type":"ImageObject","inLanguage":"en-GB","@id":"https:\/\/velveas2026.devonlinehub.com\/#\/schema\/logo\/image\/","url":"https:\/\/velveas2026.devonlinehub.com\/wp-content\/uploads\/2026\/03\/logo-officiel.svg","contentUrl":"https:\/\/velveas2026.devonlinehub.com\/wp-content\/uploads\/2026\/03\/logo-officiel.svg","width":597,"height":222,"caption":"Velv\u00e9as"},"image":{"@id":"https:\/\/velveas2026.devonlinehub.com\/#\/schema\/logo\/image\/"},"sameAs":["https:\/\/www.facebook.com\/people\/Velvas-Paris\/61580039374395\/","https:\/\/www.instagram.com\/velveas\/","https:\/\/www.snapchat.com\/@velveasparis"]}]}},"_hostinger_reach_plugin_has_subscription_block":false,"_hostinger_reach_plugin_is_elementor":false,"_links":{"self":[{"href":"https:\/\/velveas2026.devonlinehub.com\/en\/wp-json\/wp\/v2\/pages\/7","targetHints":{"allow":["GET"]}}],"collection":[{"href":"https:\/\/velveas2026.devonlinehub.com\/en\/wp-json\/wp\/v2\/pages"}],"about":[{"href":"https:\/\/velveas2026.devonlinehub.com\/en\/wp-json\/wp\/v2\/types\/page"}],"author":[{"embeddable":true,"href":"https:\/\/velveas2026.devonlinehub.com\/en\/wp-json\/wp\/v2\/users\/1"}],"replies":[{"embeddable":true,"href":"https:\/\/velveas2026.devonlinehub.com\/en\/wp-json\/wp\/v2\/comments?post=7"}],"version-history":[{"count":1,"href":"https:\/\/velveas2026.devonlinehub.com\/en\/wp-json\/wp\/v2\/pages\/7\/revisions"}],"predecessor-version":[{"id":29357,"href":"https:\/\/velveas2026.devonlinehub.com\/en\/wp-json\/wp\/v2\/pages\/7\/revisions\/29357"}],"wp:attachment":[{"href":"https:\/\/velveas2026.devonlinehub.com\/en\/wp-json\/wp\/v2\/media?parent=7"}],"curies":[{"name":"wp","href":"https:\/\/api.w.org\/{rel}","templated":true}]}}